{"id":2,"date":"2021-02-15T07:30:41","date_gmt":"2021-02-15T06:30:41","guid":{"rendered":"https:\/\/valeska-bijoux.com\/?page_id=2"},"modified":"2022-10-04T13:14:32","modified_gmt":"2022-10-04T11:14:32","slug":"page-d-exemple","status":"publish","type":"page","link":"https:\/\/valeska-bijoux.com\/index.php\/page-d-exemple\/","title":{"rendered":"les bijoux"},"content":{"rendered":"<p>[vc_row][vc_column][vc_column_text]<\/p>\r\n<h1>Les bijoux<\/h1>\r\n<p>[\/vc_column_text][\/vc_column][\/vc_row][vc_row][vc_column width=\u00a0\u00bb2\/3&Prime;][vc_column_text]<\/p>\r\n<p>Les bijoux Valeska sont des bijoux en verre pr\u00e9cieux fabriqu\u00e9s artisanalement dans un atelier situ\u00e9 \u00e0 Monthey, en Valais. R\u00e9alis\u00e9s gr\u00e2ce \u00e0 la technique du verre fusionn\u00e9 (ou <a href=\"https:\/\/fr.wikipedia.org\/wiki\/Fusing\" target=\"_blank\" rel=\"noopener\">fusing<\/a>), chaque bijoux est un mod\u00e8le unique, fa\u00e7onn\u00e9 de A \u00e0 Z \u00e0 l&rsquo;atelier, dans un mat\u00e9riau pr\u00e9cieux appel\u00e9 verre <a href=\"https:\/\/fr.wikipedia.org\/wiki\/Filtre_dichro%C3%AFque#Historique\" target=\"_blank\" rel=\"noopener\">dichro\u00efque<\/a>.<\/p>\r\n<p>&nbsp;<\/p>\r\n<p><!-- \/wp:post-content -->\r\n\r\n<!-- wp:quote --><strong>Qu&rsquo;est-ce que le fusing ?<\/strong><\/p>\r\n<p>&nbsp;<\/p>\r\n<p><!-- \/wp:quote -->Le fusing est une technique de collage \u00e0 chaud de verre qui, selon la temp\u00e9rature, peut aller jusqu&rsquo;\u00e0 la fusion quasi totale d&rsquo;une ou plusieurs pi\u00e8ces de verre diff\u00e9rents. Cela aboutit \u00e0 la cr\u00e9ation d&rsquo;une pi\u00e8ce unique et homog\u00e8ne, sans d\u00e9marcations, \u00e0 la solidit\u00e9 d\u00e9cupl\u00e9e.<\/p>\r\n<p>&nbsp;<\/p>\r\n<p><!-- \/wp:paragraph -->\r\n\r\n<!-- wp:quote --><strong>Qu&rsquo;est-ce que le verre dichro\u00efque ?<\/strong><\/p>\r\n<p>&nbsp;<\/p>\r\n<p><!-- \/wp:quote -->Le verre utilis\u00e9 pour les bijoux Valeska est appel\u00e9 verre dichro\u00efque. Sa sp\u00e9cificit\u00e9 principale est d&rsquo;\u00eatre est un verre qui pr\u00e9sente deux teintes diff\u00e9rentes en fonction de l&rsquo;angle d&rsquo;observation, plus ou moins prononc\u00e9es en fonction des couleurs. En plus de cela, il\u00a0 offre des irisations et une brillance toutes particuli\u00e8res : la lumi\u00e8re refl\u00e9t\u00e9e dans ce verre brille de mille feux, comme projet\u00e9e d&rsquo;un nuage de microscopiques pierres pr\u00e9cieuses.<br \/>La fabrication de ce verre est complexe et n\u00e9cessite l&rsquo;apport de mati\u00e8res nobles (telles l&rsquo;or, l&rsquo;argent,&#8230;) expliquant sa d\u00e9nomination de \u00ab\u00a0verre pr\u00e9cieux\u00a0\u00bb.<\/p>\r\n<p><!-- \/wp:paragraph -->[\/vc_column_text][\/vc_column][vc_column width=\u00a0\u00bb1\/3&Prime;][vc_single_image image=\u00a0\u00bb3321&Prime; img_size=\u00a0\u00bblarge\u00a0\u00bb][\/vc_column][\/vc_row][vc_row][vc_column width=\u00a0\u00bb5\/6&Prime;][vc_column_text]<\/p>\r\n<h2>Pendentifs<\/h2>\r\n<p>[\/vc_column_text][\/vc_column][\/vc_row][vc_row][vc_column][vc_column_text]<\/p>\r\n<p>Les pendentifs Valeska sont mont\u00e9s sur des b\u00e9li\u00e8res plaqu\u00e9 or ou argent, de diff\u00e9rente taille en fonction du format. Ils sont compatibles avec la plupart des cha\u00eenes ou cordons de diam\u00e8tre maximum 2mm pour les petits pendentifs.<\/p>\r\n<p><img loading=\"lazy\" decoding=\"async\" class=\"alignnone size-medium wp-image-3215\" src=\"https:\/\/valeska-bijoux.com\/wp-content\/uploads\/2022\/09\/pendentif-argent-bleu-turquoise-carre-212x300.jpg\" alt=\"\" width=\"212\" height=\"300\" srcset=\"https:\/\/valeska-bijoux.com\/wp-content\/uploads\/2022\/09\/pendentif-argent-bleu-turquoise-carre-212x300.jpg 212w, https:\/\/valeska-bijoux.com\/wp-content\/uploads\/2022\/09\/pendentif-argent-bleu-turquoise-carre-420x594.jpg 420w, https:\/\/valeska-bijoux.com\/wp-content\/uploads\/2022\/09\/pendentif-argent-bleu-turquoise-carre.jpg 595w\" sizes=\"auto, (max-width: 212px) 100vw, 212px\" \/><img loading=\"lazy\" decoding=\"async\" class=\"alignnone size-medium wp-image-3302\" src=\"https:\/\/valeska-bijoux.com\/wp-content\/uploads\/2022\/09\/pendentif-coeur-rose-212x300.jpg\" alt=\"\" width=\"212\" height=\"300\" srcset=\"https:\/\/valeska-bijoux.com\/wp-content\/uploads\/2022\/09\/pendentif-coeur-rose-212x300.jpg 212w, https:\/\/valeska-bijoux.com\/wp-content\/uploads\/2022\/09\/pendentif-coeur-rose-420x594.jpg 420w, https:\/\/valeska-bijoux.com\/wp-content\/uploads\/2022\/09\/pendentif-coeur-rose.jpg 595w\" sizes=\"auto, (max-width: 212px) 100vw, 212px\" \/><img loading=\"lazy\" decoding=\"async\" class=\"alignnone size-medium wp-image-3223\" src=\"https:\/\/valeska-bijoux.com\/wp-content\/uploads\/2022\/09\/pendentif-argent-multicolore-rond-grand-212x300.jpg\" alt=\"\" width=\"212\" height=\"300\" srcset=\"https:\/\/valeska-bijoux.com\/wp-content\/uploads\/2022\/09\/pendentif-argent-multicolore-rond-grand-212x300.jpg 212w, https:\/\/valeska-bijoux.com\/wp-content\/uploads\/2022\/09\/pendentif-argent-multicolore-rond-grand-420x594.jpg 420w, https:\/\/valeska-bijoux.com\/wp-content\/uploads\/2022\/09\/pendentif-argent-multicolore-rond-grand.jpg 595w\" sizes=\"auto, (max-width: 212px) 100vw, 212px\" \/><img loading=\"lazy\" decoding=\"async\" class=\"alignnone size-medium wp-image-3311\" src=\"https:\/\/valeska-bijoux.com\/wp-content\/uploads\/2022\/09\/pendentif-petit-vert-dore-212x300.jpg\" alt=\"\" width=\"212\" height=\"300\" srcset=\"https:\/\/valeska-bijoux.com\/wp-content\/uploads\/2022\/09\/pendentif-petit-vert-dore-212x300.jpg 212w, https:\/\/valeska-bijoux.com\/wp-content\/uploads\/2022\/09\/pendentif-petit-vert-dore-420x594.jpg 420w, https:\/\/valeska-bijoux.com\/wp-content\/uploads\/2022\/09\/pendentif-petit-vert-dore.jpg 595w\" sizes=\"auto, (max-width: 212px) 100vw, 212px\" \/><img loading=\"lazy\" decoding=\"async\" class=\"alignnone size-medium wp-image-3233\" src=\"https:\/\/valeska-bijoux.com\/wp-content\/uploads\/2022\/09\/pendentif-dore-fuchsia-212x300.jpg\" alt=\"\" width=\"212\" height=\"300\" srcset=\"https:\/\/valeska-bijoux.com\/wp-content\/uploads\/2022\/09\/pendentif-dore-fuchsia-212x300.jpg 212w, https:\/\/valeska-bijoux.com\/wp-content\/uploads\/2022\/09\/pendentif-dore-fuchsia-420x594.jpg 420w, https:\/\/valeska-bijoux.com\/wp-content\/uploads\/2022\/09\/pendentif-dore-fuchsia.jpg 595w\" sizes=\"auto, (max-width: 212px) 100vw, 212px\" \/><\/p>\r\n<p>[\/vc_column_text][vc_btn title=\u00a0\u00bb\u203a D\u00e9couvrir les pendentifs\u00a0\u00bb shape=\u00a0\u00bbsquare\u00a0\u00bb color=\u00a0\u00bborange\u00a0\u00bb link=\u00a0\u00bburl:https%3A%2F%2Fvaleska-bijoux.com%2Findex.php%2Fproduct-category%2Fpendentif%2F|title:e-boutique\u00a0\u00bb][\/vc_column][\/vc_row][vc_row][vc_column][vc_column_text]<\/p>\r\n<h2>Boucles d&rsquo;oreilles<\/h2>\r\n<p>[\/vc_column_text][\/vc_column][\/vc_row][vc_row][vc_column][vc_column_text]<\/p>\r\n<p>Les boucles d&rsquo;oreilles Valeska sont mont\u00e9es sur support argent, acier, plaqu\u00e9 or ou m\u00e9tal dor\u00e9 (sans nickel).<br \/>Il est possible, pour les boucles d&rsquo;oreilles pendantes, de les monter sur des fermoirs \u00e0 clip pour les oreilles non-perc\u00e9es, pr\u00e9cisez pour cela votre demande au moment de la commande.<\/p>\r\n<p><img loading=\"lazy\" decoding=\"async\" class=\"alignnone size-medium wp-image-3208\" src=\"https:\/\/valeska-bijoux.com\/wp-content\/uploads\/2022\/09\/boucles-oreilles-pendantes-orange-stringer-212x300.jpg\" alt=\"\" width=\"212\" height=\"300\" srcset=\"https:\/\/valeska-bijoux.com\/wp-content\/uploads\/2022\/09\/boucles-oreilles-pendantes-orange-stringer-212x300.jpg 212w, https:\/\/valeska-bijoux.com\/wp-content\/uploads\/2022\/09\/boucles-oreilles-pendantes-orange-stringer-420x594.jpg 420w, https:\/\/valeska-bijoux.com\/wp-content\/uploads\/2022\/09\/boucles-oreilles-pendantes-orange-stringer.jpg 595w\" sizes=\"auto, (max-width: 212px) 100vw, 212px\" \/><img loading=\"lazy\" decoding=\"async\" class=\"alignnone size-medium wp-image-3296\" src=\"https:\/\/valeska-bijoux.com\/wp-content\/uploads\/2022\/09\/boucles-oreilles-rose-pendantes-212x300.jpg\" alt=\"\" width=\"212\" height=\"300\" srcset=\"https:\/\/valeska-bijoux.com\/wp-content\/uploads\/2022\/09\/boucles-oreilles-rose-pendantes-212x300.jpg 212w, https:\/\/valeska-bijoux.com\/wp-content\/uploads\/2022\/09\/boucles-oreilles-rose-pendantes-420x594.jpg 420w, https:\/\/valeska-bijoux.com\/wp-content\/uploads\/2022\/09\/boucles-oreilles-rose-pendantes.jpg 595w\" sizes=\"auto, (max-width: 212px) 100vw, 212px\" \/><img loading=\"lazy\" decoding=\"async\" class=\"alignnone size-medium wp-image-3204\" src=\"https:\/\/valeska-bijoux.com\/wp-content\/uploads\/2022\/09\/boucles-oreilles-pendantes-blanc-rose-pastel-212x300.jpg\" alt=\"\" width=\"212\" height=\"300\" srcset=\"https:\/\/valeska-bijoux.com\/wp-content\/uploads\/2022\/09\/boucles-oreilles-pendantes-blanc-rose-pastel-212x300.jpg 212w, https:\/\/valeska-bijoux.com\/wp-content\/uploads\/2022\/09\/boucles-oreilles-pendantes-blanc-rose-pastel-420x594.jpg 420w, https:\/\/valeska-bijoux.com\/wp-content\/uploads\/2022\/09\/boucles-oreilles-pendantes-blanc-rose-pastel.jpg 595w\" sizes=\"auto, (max-width: 212px) 100vw, 212px\" \/><img loading=\"lazy\" decoding=\"async\" class=\"alignnone size-medium wp-image-3293\" src=\"https:\/\/valeska-bijoux.com\/wp-content\/uploads\/2022\/09\/boucles-oreilles-blanc-craq-pendantes-212x300.jpg\" alt=\"\" width=\"212\" height=\"300\" srcset=\"https:\/\/valeska-bijoux.com\/wp-content\/uploads\/2022\/09\/boucles-oreilles-blanc-craq-pendantes-212x300.jpg 212w, https:\/\/valeska-bijoux.com\/wp-content\/uploads\/2022\/09\/boucles-oreilles-blanc-craq-pendantes-420x594.jpg 420w, https:\/\/valeska-bijoux.com\/wp-content\/uploads\/2022\/09\/boucles-oreilles-blanc-craq-pendantes.jpg 595w\" sizes=\"auto, (max-width: 212px) 100vw, 212px\" \/><img loading=\"lazy\" decoding=\"async\" class=\"alignnone size-medium wp-image-3206\" src=\"https:\/\/valeska-bijoux.com\/wp-content\/uploads\/2022\/09\/boucles-oreilles-pendantes-dot-vert-bleu-212x300.jpg\" alt=\"\" width=\"212\" height=\"300\" srcset=\"https:\/\/valeska-bijoux.com\/wp-content\/uploads\/2022\/09\/boucles-oreilles-pendantes-dot-vert-bleu-212x300.jpg 212w, https:\/\/valeska-bijoux.com\/wp-content\/uploads\/2022\/09\/boucles-oreilles-pendantes-dot-vert-bleu-420x594.jpg 420w, https:\/\/valeska-bijoux.com\/wp-content\/uploads\/2022\/09\/boucles-oreilles-pendantes-dot-vert-bleu.jpg 595w\" sizes=\"auto, (max-width: 212px) 100vw, 212px\" \/><\/p>\r\n<p>[\/vc_column_text][vc_btn title=\u00a0\u00bb\u203a D\u00e9couvrir les boucles d&rsquo;oreilles\u00a0\u00bb shape=\u00a0\u00bbsquare\u00a0\u00bb color=\u00a0\u00bborange\u00a0\u00bb link=\u00a0\u00bburl:https%3A%2F%2Fvaleska-bijoux.com%2Findex.php%2Fproduct-category%2Fboucles_oreilles%2F\u00a0\u00bb][\/vc_column][\/vc_row][vc_row][vc_column][vc_column_text]<\/p>\r\n<h2>Bagues<\/h2>\r\n<p>[\/vc_column_text][\/vc_column][\/vc_row][vc_row][vc_column][vc_column_text]<\/p>\r\n<p>Les bagues Valeska sont propos\u00e9es sur supports en argent, en plaqu\u00e9 or, acier ou m\u00e9tal argent\u00e9 ou dor\u00e9 (sans nickel).<br \/>Tous nos mod\u00e8les sont r\u00e9glables, mais il est possible de commander une bague sur-mesure avec votre taille exacte.<\/p>\r\n<p><img loading=\"lazy\" decoding=\"async\" class=\"alignnone size-medium wp-image-3272\" src=\"https:\/\/valeska-bijoux.com\/wp-content\/uploads\/2022\/09\/bague-carree-multi-bleu-vert-212x300.jpg\" alt=\"\" width=\"212\" height=\"300\" srcset=\"https:\/\/valeska-bijoux.com\/wp-content\/uploads\/2022\/09\/bague-carree-multi-bleu-vert-212x300.jpg 212w, https:\/\/valeska-bijoux.com\/wp-content\/uploads\/2022\/09\/bague-carree-multi-bleu-vert-420x594.jpg 420w, https:\/\/valeska-bijoux.com\/wp-content\/uploads\/2022\/09\/bague-carree-multi-bleu-vert.jpg 595w\" sizes=\"auto, (max-width: 212px) 100vw, 212px\" \/><img loading=\"lazy\" decoding=\"async\" class=\"alignnone size-medium wp-image-3292\" src=\"https:\/\/valeska-bijoux.com\/wp-content\/uploads\/2022\/09\/bague-rose-pastel-rond-212x300.jpg\" alt=\"\" width=\"212\" height=\"300\" srcset=\"https:\/\/valeska-bijoux.com\/wp-content\/uploads\/2022\/09\/bague-rose-pastel-rond-212x300.jpg 212w, https:\/\/valeska-bijoux.com\/wp-content\/uploads\/2022\/09\/bague-rose-pastel-rond-420x594.jpg 420w, https:\/\/valeska-bijoux.com\/wp-content\/uploads\/2022\/09\/bague-rose-pastel-rond.jpg 595w\" sizes=\"auto, (max-width: 212px) 100vw, 212px\" \/><img loading=\"lazy\" decoding=\"async\" class=\"alignnone size-medium wp-image-3271\" src=\"https:\/\/valeska-bijoux.com\/wp-content\/uploads\/2022\/09\/bague-carree-bleu-turquoise-rayee-212x300.jpg\" alt=\"\" width=\"212\" height=\"300\" srcset=\"https:\/\/valeska-bijoux.com\/wp-content\/uploads\/2022\/09\/bague-carree-bleu-turquoise-rayee-212x300.jpg 212w, https:\/\/valeska-bijoux.com\/wp-content\/uploads\/2022\/09\/bague-carree-bleu-turquoise-rayee-420x594.jpg 420w, https:\/\/valeska-bijoux.com\/wp-content\/uploads\/2022\/09\/bague-carree-bleu-turquoise-rayee.jpg 595w\" sizes=\"auto, (max-width: 212px) 100vw, 212px\" \/><img loading=\"lazy\" decoding=\"async\" class=\"alignnone size-medium wp-image-3291\" src=\"https:\/\/valeska-bijoux.com\/wp-content\/uploads\/2022\/09\/bague-carre-bleu-craquele-212x300.jpg\" alt=\"\" width=\"212\" height=\"300\" srcset=\"https:\/\/valeska-bijoux.com\/wp-content\/uploads\/2022\/09\/bague-carre-bleu-craquele-212x300.jpg 212w, https:\/\/valeska-bijoux.com\/wp-content\/uploads\/2022\/09\/bague-carre-bleu-craquele-420x594.jpg 420w, https:\/\/valeska-bijoux.com\/wp-content\/uploads\/2022\/09\/bague-carre-bleu-craquele.jpg 595w\" sizes=\"auto, (max-width: 212px) 100vw, 212px\" \/><img loading=\"lazy\" decoding=\"async\" class=\"alignnone size-medium wp-image-2826\" src=\"https:\/\/valeska-bijoux.com\/wp-content\/uploads\/2021\/06\/bague-argent-violet-demi-212x300.jpg\" alt=\"bague argent violet\" width=\"212\" height=\"300\" srcset=\"https:\/\/valeska-bijoux.com\/wp-content\/uploads\/2021\/06\/bague-argent-violet-demi-212x300.jpg 212w, https:\/\/valeska-bijoux.com\/wp-content\/uploads\/2021\/06\/bague-argent-violet-demi-420x594.jpg 420w, https:\/\/valeska-bijoux.com\/wp-content\/uploads\/2021\/06\/bague-argent-violet-demi.jpg 595w\" sizes=\"auto, (max-width: 212px) 100vw, 212px\" \/><\/p>\r\n<p>[\/vc_column_text][vc_btn title=\u00a0\u00bb\u203a d\u00e9couvrir les bagues\u00a0\u00bb shape=\u00a0\u00bbsquare\u00a0\u00bb color=\u00a0\u00bborange\u00a0\u00bb link=\u00a0\u00bburl:https%3A%2F%2Fvaleska-bijoux.com%2Findex.php%2Fproduct-category%2Fbague%2F\u00a0\u00bb][\/vc_column][\/vc_row][vc_row][vc_column][\/vc_column][\/vc_row]<\/p>","protected":false},"excerpt":{"rendered":"<p>[vc_row][vc_column][vc_column_text] Les bijoux [\/vc_column_text][\/vc_column][\/vc_row][vc_row][vc_column width=\u00a0\u00bb2\/3&Prime;][vc_column_text] Les bijoux Valeska sont des bijoux en verre pr\u00e9cieux fabriqu\u00e9s artisanalement dans un atelier situ\u00e9 \u00e0 Monthey, en Valais. R\u00e9alis\u00e9s gr\u00e2ce \u00e0 la technique du verre fusionn\u00e9 (ou fusing), chaque bijoux est un&hellip;<\/p>\n","protected":false},"author":1,"featured_media":0,"parent":0,"menu_order":0,"comment_status":"closed","ping_status":"open","template":"","meta":{"footnotes":""},"class_list":["post-2","page","type-page","status-publish","hentry"],"jetpack_sharing_enabled":true,"_links":{"self":[{"href":"https:\/\/valeska-bijoux.com\/index.php\/wp-json\/wp\/v2\/pages\/2","targetHints":{"allow":["GET"]}}],"collection":[{"href":"https:\/\/valeska-bijoux.com\/index.php\/wp-json\/wp\/v2\/pages"}],"about":[{"href":"https:\/\/valeska-bijoux.com\/index.php\/wp-json\/wp\/v2\/types\/page"}],"author":[{"embeddable":true,"href":"https:\/\/valeska-bijoux.com\/index.php\/wp-json\/wp\/v2\/users\/1"}],"replies":[{"embeddable":true,"href":"https:\/\/valeska-bijoux.com\/index.php\/wp-json\/wp\/v2\/comments?post=2"}],"version-history":[{"count":53,"href":"https:\/\/valeska-bijoux.com\/index.php\/wp-json\/wp\/v2\/pages\/2\/revisions"}],"predecessor-version":[{"id":3324,"href":"https:\/\/valeska-bijoux.com\/index.php\/wp-json\/wp\/v2\/pages\/2\/revisions\/3324"}],"wp:attachment":[{"href":"https:\/\/valeska-bijoux.com\/index.php\/wp-json\/wp\/v2\/media?parent=2"}],"curies":[{"name":"wp","href":"https:\/\/api.w.org\/{rel}","templated":true}]}}