{"id":2707,"date":"2021-04-11T11:04:58","date_gmt":"2021-04-11T09:04:58","guid":{"rendered":"https:\/\/valeska-bijoux.com\/?page_id=2707"},"modified":"2021-04-11T11:12:01","modified_gmt":"2021-04-11T09:12:01","slug":"livraison","status":"publish","type":"page","link":"https:\/\/valeska-bijoux.com\/index.php\/livraison\/","title":{"rendered":"Livraison"},"content":{"rendered":"<p>[vc_row][vc_column][vc_column_text css=\u00a0\u00bb.vc_custom_1400430921256{background-color: #ffffff !important;}\u00a0\u00bb]<\/p>\n<h1>Livraison<\/h1>\n<p>[\/vc_column_text][\/vc_column][\/vc_row][vc_row][vc_column width=\u00a0\u00bb1\/2&Prime;][vc_accordion collapsible=\u00a0\u00bbyes\u00a0\u00bb title=\u00a0\u00bbLivraison\u00a0\u00bb][vc_accordion_tab title=\u00a0\u00bbCONDITIONS G\u00c9N\u00c9RALES DE LIVRAISON\u00a0\u00bb][vc_column_text]Les commandes pass\u00e9es du lundi au vendredi avant 17h HEC seront trait\u00e9es et envoy\u00e9es les trois jours ouvrables suivants.<\/p>\n<p>Les commandes pass\u00e9es le week-end et les jours f\u00e9ri\u00e9s seront trait\u00e9es et envoy\u00e9es deux jours ouvrables apr\u00e8s.<\/p>\n<p>Aucune livraison n\u2019est effectu\u00e9e le week-end ou les jours f\u00e9ri\u00e9s.<\/p>\n<p>&nbsp;<\/p>\n<p>D\u00e9lai de livraison standard: 2 \u00e0 3 jours ouvrables apr\u00e8s traitement et envoi<\/p>\n<p>Frais de livraison standard: CHF 5<\/p>\n<p>Livraison standard offerte \u00e0 partir de : CHF 50<\/p>\n<p>Pour l\u2019instant, Valeska Bijoux n\u2019est pas en mesure d\u2019effectuer des livraisons vers les bo\u00eetes postales ou les adresses APO\/FPO. Les articles demeurent la propri\u00e9t\u00e9 de Valeska Bijoux jusqu\u2019\u00e0 r\u00e9ception du paiement final. Notre partenaire de livraison La Poste Suisse livre les colis en Suisse (ainsi qu\u2019au Liechtenstein).<\/p>\n<p>Les articles command\u00e9s avant la date butoir de livraison qui a \u00e9t\u00e9 communiqu\u00e9e sont g\u00e9n\u00e9ralement livr\u00e9s \u00e0 temps. Les livraisons peuvent \u00eatre retard\u00e9es en raison de probl\u00e8mes impr\u00e9vus rencontr\u00e9s par nos partenaires de livraison. Dans ce cas, Swarovski ne saurait \u00eatre tenu pour responsable.<\/p>\n<p>Nous n\u2019envoyons pas de commandes et nous ne pr\u00e9voyons pas de livraisons les jours f\u00e9ri\u00e9s. Par cons\u00e9quent, les livraisons peuvent prendre plus de temps que pr\u00e9vu pendant ces p\u00e9riodes.[\/vc_column_text][\/vc_accordion_tab][vc_accordion_tab title=\u00a0\u00bbO\u00d9 EST MON COLIS ?\u00a0\u00bb][vc_column_text]Si le suivi montre que votre colis a \u00e9t\u00e9 livr\u00e9, veuillez v\u00e9rifier si une autre personne habitant \u00e0 votre adresse l\u2019a accept\u00e9. Il se peut aussi que votre colis ait \u00e9t\u00e9 laiss\u00e9 \u00e0 un voisin.<\/p>\n<p>Dans le cas contraire, veuillez regarder dans votre bo\u00eete aux lettres. Il est possible qu\u2019un avis y soit d\u00e9pos\u00e9.<\/p>\n<p>Si vous ne parvenez pas \u00e0 localiser votre colis, veuillez me contacter via le formulaire de la page \u00abCONTACT\u00bb.[\/vc_column_text][\/vc_accordion_tab][vc_accordion_tab title=\u00a0\u00bbPUIS-JE MODIFIER L\u2019ADRESSE DE LIVRAISON ?\u00a0\u00bb][vc_column_text]Il n\u2019est pas toujours possible de modifier l\u2019adresse de livraison ou la date de livraison une fois que le colis est en transit. Vous aurez \u00e9ventuellement la possibilit\u00e9 d\u2019organiser la livraison de votre colis de la mani\u00e8re qui vous convient le mieux en utilisant le portail Internet de notre partenaire de livraison.[\/vc_column_text][\/vc_accordion_tab][vc_accordion_tab title=\u00a0\u00bbLIVRER VERS UN AUTRE PAYS\/UNE AUTRE R\u00c9GION ?\u00a0\u00bb][vc_column_text]<\/p>\n<div class=\"fold-out accordion-head\">\n<div class=\"fold-out-target active\" aria-expanded=\"false\">\n<div class=\"text text--copy13 text-left accordion-item__text\">\n<div class=\"yCmsComponent accordion-item-text\">\n<div class=\"content\">La livraison vers un autre pays\/une autre r\u00e9gion n\u2019est pas possible.<\/div>\n<\/div>\n<\/div>\n<\/div>\n<\/div>\n<div class=\"spacer\"><\/div>\n<p>[\/vc_column_text][\/vc_accordion_tab][\/vc_accordion][\/vc_column][\/vc_row]<\/p>\n","protected":false},"excerpt":{"rendered":"<p>[vc_row][vc_column][vc_column_text css=\u00a0\u00bb.vc_custom_1400430921256{background-color: #ffffff !important;}\u00a0\u00bb] Livraison [\/vc_column_text][\/vc_column][\/vc_row][vc_row][vc_column width=\u00a0\u00bb1\/2&Prime;][vc_accordion collapsible=\u00a0\u00bbyes\u00a0\u00bb title=\u00a0\u00bbLivraison\u00a0\u00bb][vc_accordion_tab title=\u00a0\u00bbCONDITIONS G\u00c9N\u00c9RALES DE LIVRAISON\u00a0\u00bb][vc_column_text]Les commandes pass\u00e9es du lundi au vendredi avant 17h HEC seront trait\u00e9es et envoy\u00e9es les trois jours ouvrables suivants. Les commandes pass\u00e9es le week-end et les&hellip;<\/p>\n","protected":false},"author":1,"featured_media":0,"parent":0,"menu_order":0,"comment_status":"open","ping_status":"open","template":"","meta":{"footnotes":""},"class_list":["post-2707","page","type-page","status-publish","hentry"],"jetpack_sharing_enabled":true,"_links":{"self":[{"href":"https:\/\/valeska-bijoux.com\/index.php\/wp-json\/wp\/v2\/pages\/2707","targetHints":{"allow":["GET"]}}],"collection":[{"href":"https:\/\/valeska-bijoux.com\/index.php\/wp-json\/wp\/v2\/pages"}],"about":[{"href":"https:\/\/valeska-bijoux.com\/index.php\/wp-json\/wp\/v2\/types\/page"}],"author":[{"embeddable":true,"href":"https:\/\/valeska-bijoux.com\/index.php\/wp-json\/wp\/v2\/users\/1"}],"replies":[{"embeddable":true,"href":"https:\/\/valeska-bijoux.com\/index.php\/wp-json\/wp\/v2\/comments?post=2707"}],"version-history":[{"count":5,"href":"https:\/\/valeska-bijoux.com\/index.php\/wp-json\/wp\/v2\/pages\/2707\/revisions"}],"predecessor-version":[{"id":2711,"href":"https:\/\/valeska-bijoux.com\/index.php\/wp-json\/wp\/v2\/pages\/2707\/revisions\/2711"}],"wp:attachment":[{"href":"https:\/\/valeska-bijoux.com\/index.php\/wp-json\/wp\/v2\/media?parent=2707"}],"curies":[{"name":"wp","href":"https:\/\/api.w.org\/{rel}","templated":true}]}}