{"id":2718,"date":"2021-04-12T09:03:58","date_gmt":"2021-04-12T07:03:58","guid":{"rendered":"https:\/\/valeska-bijoux.com\/?page_id=2718"},"modified":"2024-10-29T08:16:36","modified_gmt":"2024-10-29T07:16:36","slug":"mentions-legales","status":"publish","type":"page","link":"https:\/\/valeska-bijoux.com\/index.php\/mentions-legales\/","title":{"rendered":"Mentions l\u00e9gales"},"content":{"rendered":"<p>[vc_row][vc_column][vc_column_text css=\u00a0\u00bb.vc_custom_1730185615906{padding-top: 30px !important;padding-right: 30px !important;padding-bottom: 30px !important;padding-left: 30px !important;background-color: #ffffff !important;}\u00a0\u00bb]<\/p>\n<h1>Mentions l\u00e9gales<\/h1>\n<p><strong>Valeska Bijoux<br \/>\n<\/strong>Rue Gambetta 13<br \/>\n1815 Clarens<br \/>\nSuisse<\/p>\n<p><strong>Directeur g\u00e9n\u00e9ral<br \/>\n<\/strong>B\u00e9atrice Bin\u00e9truy<\/p>\n<p><strong>Inscxription au registre du commerce de<\/strong><br \/>\nn\u00b0<\/p>\n<p>contact[at]valeska-bijoux.com[\/vc_column_text][\/vc_column][\/vc_row][vc_row][vc_column][\/vc_column][\/vc_row]<\/p>\n","protected":false},"excerpt":{"rendered":"<p>[vc_row][vc_column][vc_column_text css=\u00a0\u00bb.vc_custom_1730185615906{padding-top: 30px !important;padding-right: 30px !important;padding-bottom: 30px !important;padding-left: 30px !important;background-color: #ffffff !important;}\u00a0\u00bb] Mentions l\u00e9gales Valeska Bijoux Rue Gambetta 13 1815 Clarens Suisse Directeur g\u00e9n\u00e9ral B\u00e9atrice Bin\u00e9truy Inscxription au registre du commerce de n\u00b0 contact[at]valeska-bijoux.com[\/vc_column_text][\/vc_column][\/vc_row][vc_row][vc_column][\/vc_column][\/vc_row]<\/p>\n","protected":false},"author":1,"featured_media":0,"parent":0,"menu_order":0,"comment_status":"open","ping_status":"open","template":"","meta":{"footnotes":""},"class_list":["post-2718","page","type-page","status-publish","hentry"],"jetpack_sharing_enabled":true,"_links":{"self":[{"href":"https:\/\/valeska-bijoux.com\/index.php\/wp-json\/wp\/v2\/pages\/2718","targetHints":{"allow":["GET"]}}],"collection":[{"href":"https:\/\/valeska-bijoux.com\/index.php\/wp-json\/wp\/v2\/pages"}],"about":[{"href":"https:\/\/valeska-bijoux.com\/index.php\/wp-json\/wp\/v2\/types\/page"}],"author":[{"embeddable":true,"href":"https:\/\/valeska-bijoux.com\/index.php\/wp-json\/wp\/v2\/users\/1"}],"replies":[{"embeddable":true,"href":"https:\/\/valeska-bijoux.com\/index.php\/wp-json\/wp\/v2\/comments?post=2718"}],"version-history":[{"count":4,"href":"https:\/\/valeska-bijoux.com\/index.php\/wp-json\/wp\/v2\/pages\/2718\/revisions"}],"predecessor-version":[{"id":3381,"href":"https:\/\/valeska-bijoux.com\/index.php\/wp-json\/wp\/v2\/pages\/2718\/revisions\/3381"}],"wp:attachment":[{"href":"https:\/\/valeska-bijoux.com\/index.php\/wp-json\/wp\/v2\/media?parent=2718"}],"curies":[{"name":"wp","href":"https:\/\/api.w.org\/{rel}","templated":true}]}}