{"id":612,"date":"2014-05-18T12:30:28","date_gmt":"2014-05-18T12:30:28","guid":{"rendered":"http:\/\/demo.oxygentheme.com\/minimal\/demo-content\/?page_id=612"},"modified":"2021-04-06T14:36:53","modified_gmt":"2021-04-06T12:36:53","slug":"f-a-q","status":"publish","type":"page","link":"https:\/\/valeska-bijoux.com\/index.php\/f-a-q\/","title":{"rendered":"F.A.Q."},"content":{"rendered":"<p>[vc_row][vc_column][vc_column_text css=\u00a0\u00bb.vc_custom_1400430921256{background-color: #ffffff !important;}\u00a0\u00bb]<\/p>\n<h1>F.A.Q.<\/h1>\n<p>[\/vc_column_text][\/vc_column][\/vc_row][vc_row][vc_column][vc_accordion collapsible=\u00a0\u00bbyes\u00a0\u00bb title=\u00a0\u00bbCommandes\u00a0\u00bb][vc_accordion_tab title=\u00a0\u00bbPUIS-JE MODIFIER MON COMPTE ?\u00a0\u00bb][vc_column_text]Connectez-vous d\u2019abord. Puis allez dans la section Mon compte o\u00f9 vous pourrez acc\u00e9der \u00e0 vos donn\u00e9es personnelles et les modifier \u00e0 tout moment.[\/vc_column_text][\/vc_accordion_tab][vc_accordion_tab title=\u00a0\u00bbPUIS-JE R\u00c9INITIALISER MON MOT DE PASSE ?\u00a0\u00bb][vc_column_text]Pour changer votre mot de passe, veuillez d\u2019abord cliquer sur l\u2019ic\u00f4ne \u00abMON COMPTE\u00bb. Cliquez ensuite sur le lien \u00ab MOT DE PASSE OUBLI\u00c9 \u00bb.[\/vc_column_text][\/vc_accordion_tab][vc_accordion_tab title=\u00a0\u00bbPUIS-JE ANNULER MA COMMANDE ?\u00a0\u00bb][vc_column_text]Oui, vous pouvez annuler votre commande dans les 24h suivant sa validation, en envoyant un message via le formulaire de la page \u00abCONTACT\u00bb.[\/vc_column_text][\/vc_accordion_tab][vc_accordion_tab title=\u00a0\u00bbMES DONN\u00c9ES PERSONNELLES SONT-ELLES S\u00c9CURIS\u00c9ES ?\u00a0\u00bb][vc_column_text]Pour des raisons de s\u00e9curit\u00e9, Valeska Bijoux n\u2019enregistre aucune information de carte de cr\u00e9dit. Les donn\u00e9es sont imm\u00e9diatement transmises aux syst\u00e8mes des partenaires de la soci\u00e9t\u00e9 pour traitement du paiement. Si vous pensez que quelqu\u2019un essaye d\u2019utiliser frauduleusement votre carte de cr\u00e9dit, veuillez imm\u00e9diatement suivre les instructions de la soci\u00e9t\u00e9 \u00e9mettrice de la carte et envoyez-moi un message via le formulaire de la page \u00abCONTACT\u00bb.[\/vc_column_text][\/vc_accordion_tab][vc_accordion_tab title=\u00a0\u00bbINCIDENT SUR LE SITE INTERNET\u00a0\u00bb][vc_column_text]<\/p>\n<div class=\"fold-out accordion-head\">\n<div class=\"fold-out-target active\" aria-expanded=\"false\">\n<div class=\"text text--copy13 text-left accordion-item__text\">\n<div class=\"yCmsComponent accordion-item-text\">\n<div class=\"content\">\n<p>En cas de dysfonctionnement de notre site au cours de votre navigation, avant de me contacter, veuillez suivre les \u00e9tapes suivantes:<\/p>\n<p>1) Effacez vos cookies<\/p>\n<p>2) Videz votre m\u00e9moire cache<\/p>\n<p>3) Effacez votre historique de navigation<\/p>\n<p>Ces param\u00e8tres ne s\u2019effacent pas de la m\u00eame mani\u00e8re d\u2019un navigateur \u00e0 l\u2019autre, veuillez suivre les instructions sp\u00e9cifiques \u00e0 votre navigateur.<br \/>\nEn effa\u00e7ant ces param\u00e8tres, vous forcez votre navigateur \u00e0 charger la derni\u00e8re version en date de notre site internet et vous b\u00e9n\u00e9ficiez d\u2019une exp\u00e9rience de navigation optimale.<\/p>\n<p>Si le probl\u00e8me persiste, veuillez nous fournir les informations suivantes\u00a0:<\/p>\n<p>URL (s\u2019affiche normalement en haut de la page et commence forc\u00e9ment par www.valeska-bijoux.com)<\/p>\n<p>&#8211; Dispositif (ordinateur portable, PC, smartphone, tablette)<br \/>\n&#8211; Marque du dispositif<br \/>\n&#8211; Navigateur (Chrome, Internet Explorer, Safari, Firefox, etc.)<br \/>\n&#8211; Version du navigateur<\/p>\n<p>Actions que vous avez entreprises avant l&rsquo;apparition de l&rsquo;erreur<br \/>\nUne capture d\u2019\u00e9cran de l\u2019erreur.<\/p>\n<p>Ces informations nous aideront \u00e0 cerner la cause du probl\u00e8me, ce qui en acc\u00e9l\u00e9rera la r\u00e9solution.<\/p>\n<p>&nbsp;<\/p>\n<\/div>\n<\/div>\n<\/div>\n<\/div>\n<\/div>\n<div class=\"spacer\"><\/div>\n<p>[\/vc_column_text][\/vc_accordion_tab][\/vc_accordion][\/vc_column][\/vc_row][vc_row][vc_column width=\u00a0\u00bb1\/2&Prime;][vc_accordion collapsible=\u00a0\u00bbyes\u00a0\u00bb title=\u00a0\u00bbLivraison\u00a0\u00bb][vc_accordion_tab title=\u00a0\u00bbCONDITIONS G\u00c9N\u00c9RALES DE LIVRAISON\u00a0\u00bb][vc_column_text]Les commandes pass\u00e9es du lundi au vendredi avant 17h HEC seront trait\u00e9es et envoy\u00e9es les trois jours ouvrables suivants.<\/p>\n<p>Les commandes pass\u00e9es le week-end et les jours f\u00e9ri\u00e9s seront trait\u00e9es et envoy\u00e9es deux jours ouvrables apr\u00e8s.<\/p>\n<p>Aucune livraison n\u2019est effectu\u00e9e le week-end ou les jours f\u00e9ri\u00e9s.<\/p>\n<p>&nbsp;<\/p>\n<p>D\u00e9lai de livraison standard: 2 \u00e0 3 jours ouvrables apr\u00e8s traitement et envoi<\/p>\n<p>Frais de livraison standard: CHF 5<\/p>\n<p>Livraison standard offerte \u00e0 partir de : CHF 50<\/p>\n<p>Pour l\u2019instant, Valeska Bijoux n\u2019est pas en mesure d\u2019effectuer des livraisons vers les bo\u00eetes postales ou les adresses APO\/FPO. Les articles demeurent la propri\u00e9t\u00e9 de Valeska Bijoux jusqu\u2019\u00e0 r\u00e9ception du paiement final. Notre partenaire de livraison La Poste Suisse livre les colis en Suisse (ainsi qu\u2019au Liechtenstein).<\/p>\n<p>Les articles command\u00e9s avant la date butoir de livraison qui a \u00e9t\u00e9 communiqu\u00e9e sont g\u00e9n\u00e9ralement livr\u00e9s \u00e0 temps. Les livraisons peuvent \u00eatre retard\u00e9es en raison de probl\u00e8mes impr\u00e9vus rencontr\u00e9s par nos partenaires de livraison. Dans ce cas, Swarovski ne saurait \u00eatre tenu pour responsable.<\/p>\n<p>Nous n\u2019envoyons pas de commandes et nous ne pr\u00e9voyons pas de livraisons les jours f\u00e9ri\u00e9s. Par cons\u00e9quent, les livraisons peuvent prendre plus de temps que pr\u00e9vu pendant ces p\u00e9riodes.[\/vc_column_text][\/vc_accordion_tab][vc_accordion_tab title=\u00a0\u00bbO\u00d9 EST MON COLIS ?\u00a0\u00bb][vc_column_text]Si le suivi montre que votre colis a \u00e9t\u00e9 livr\u00e9, veuillez v\u00e9rifier si une autre personne habitant \u00e0 votre adresse l\u2019a accept\u00e9. Il se peut aussi que votre colis ait \u00e9t\u00e9 laiss\u00e9 \u00e0 un voisin.<\/p>\n<p>Dans le cas contraire, veuillez regarder dans votre bo\u00eete aux lettres. Il est possible qu\u2019un avis y soit d\u00e9pos\u00e9.<\/p>\n<p>Si vous ne parvenez pas \u00e0 localiser votre colis, veuillez me contacter via le formulaire de la page \u00abCONTACT\u00bb.[\/vc_column_text][\/vc_accordion_tab][\/vc_accordion][\/vc_column][vc_column width=\u00a0\u00bb1\/2&Prime;][vc_accordion collapsible=\u00a0\u00bbyes\u00a0\u00bb title=\u00a0\u00bbRetours et \u00e9changes\u00a0\u00bb][vc_accordion_tab title=\u00a0\u00bbRETOURS\u00a0\u00bb][vc_column_text]<\/p>\n<div class=\"fold-out accordion-head\">\n<div class=\"fold-out-target active\" aria-expanded=\"true\">\n<div class=\"text text--copy13 text-left accordion-item__text\">\n<div class=\"yCmsComponent accordion-item-text\">\n<div class=\"content\">\n<p>Vous avez la possibilit\u00e9 de retourner les articles command\u00e9s jusqu\u2019\u00e0 14 jours apr\u00e8s leur r\u00e9ception. Ce retour se fait \u00e0 vos frais.<br \/>\nRetournez votre commande en suivant la proc\u00e9dure suivante :<br \/>\n<strong>\u00c9TAPE\u00a01\u00a0:<\/strong><\/p>\n<p>Placez le\/les article(s) que vous souhaitez retourner dans l\u2019emballage d\u2019origine avec tous les \u00e9l\u00e9ments de packaging fournis lors de l\u2019envoi.<br \/>\n<strong>\u00c9TAPE 2 :<\/strong><\/p>\n<p>Retournez le colis en suivant les instructions du transporteur que vous avez choisi.<br \/>\n<strong>\u00c9TAPE 3 :<\/strong><\/p>\n<p>Assurez-vous de conserver la preuve de l\u2019affranchissement du retour.<br \/>\n<strong>\u00c9TAPE 4 :<\/strong><\/p>\n<p>La proc\u00e9dure de retour et de remboursement pourra prendre jusqu\u2019\u00e0 environ 14\u00a0jours ouvr\u00e9s. Une fois que votre retour en ligne aura \u00e9t\u00e9 trait\u00e9, vous recevrez un e-mail de confirmation de retour et le remboursement sera effectu\u00e9. Les remboursements peuvent prendre jusqu\u2019\u00e0 10 jours ouvrables avant d\u2019\u00eatre cr\u00e9dit\u00e9s sur votre compte. Vous pouvez suivre le retour de votre colis \u00e0 partir du lien fourni par le transporteur.<\/p>\n<\/div>\n<\/div>\n<\/div>\n<\/div>\n<\/div>\n<div class=\"spacer\"><\/div>\n<p>[\/vc_column_text][\/vc_accordion_tab][vc_accordion_tab title=\u00a0\u00bbPUIS-JE \u00c9CHANGER MON ACHAT ?\u00a0\u00bb][vc_column_text]Il n\u2019est pas possible de remplacer ni d\u2019\u00e9changer des produits retourn\u00e9s. Merci de proc\u00e9der au retour comme indiqu\u00e9 dans la rubrique \u00abRETOUR ET \u00c9CHANGES\u00bb. Veuillez ensuite effectuer une nouvelle commande en ligne pour les produits que vous souhaitez.[\/vc_column_text][\/vc_accordion_tab][vc_accordion_tab title=\u00a0\u00bbJ&rsquo;AI UN PROBL\u00c8ME AVEC MA COMMANDE\u00a0\u00bb][vc_column_text]Si votre commande est ab\u00eem\u00e9e \u00e0 la r\u00e9ception, merci de proc\u00e9der au retour comme indiqu\u00e9 dans la rubrique \u00abRETOUR ET \u00c9CHANGES\u00bb.<br \/>\nLe montant de votre commande, ainsi que les frais d&rsquo;envoi et de retour, vous seront rembours\u00e9s dans les 14 jours suivant la r\u00e9ception.[\/vc_column_text][\/vc_accordion_tab][vc_accordion_tab title=\u00a0\u00bbR\u00c9PARATION\u00a0\u00bb][vc_column_text]En cas de probl\u00e8me de colle sur l&rsquo;un de mes bijoux, merci de proc\u00e9der \u00e0 son retour comme indiqu\u00e9 dans la rubrique \u00abRETOUR ET \u00c9CHANGES\u00bb.<br \/>\nLes frais de retour vous seront rembours\u00e9s et votre bijou r\u00e9par\u00e9 vous sera renvoy\u00e9 sous 14 jours.[\/vc_column_text][\/vc_accordion_tab][\/vc_accordion][\/vc_column][\/vc_row]<\/p>\n","protected":false},"excerpt":{"rendered":"<p>[vc_row][vc_column][vc_column_text css=\u00a0\u00bb.vc_custom_1400430921256{background-color: #ffffff !important;}\u00a0\u00bb] F.A.Q. [\/vc_column_text][\/vc_column][\/vc_row][vc_row][vc_column][vc_accordion collapsible=\u00a0\u00bbyes\u00a0\u00bb title=\u00a0\u00bbCommandes\u00a0\u00bb][vc_accordion_tab title=\u00a0\u00bbPUIS-JE MODIFIER MON COMPTE ?\u00a0\u00bb][vc_column_text]Connectez-vous d\u2019abord. Puis allez dans la section Mon compte o\u00f9 vous pourrez acc\u00e9der \u00e0 vos donn\u00e9es personnelles et les modifier \u00e0 tout moment.[\/vc_column_text][\/vc_accordion_tab][vc_accordion_tab title=\u00a0\u00bbPUIS-JE R\u00c9INITIALISER MON&hellip;<\/p>\n","protected":false},"author":1,"featured_media":0,"parent":0,"menu_order":0,"comment_status":"open","ping_status":"open","template":"","meta":{"footnotes":""},"class_list":["post-612","page","type-page","status-publish","hentry"],"jetpack_sharing_enabled":true,"_links":{"self":[{"href":"https:\/\/valeska-bijoux.com\/index.php\/wp-json\/wp\/v2\/pages\/612","targetHints":{"allow":["GET"]}}],"collection":[{"href":"https:\/\/valeska-bijoux.com\/index.php\/wp-json\/wp\/v2\/pages"}],"about":[{"href":"https:\/\/valeska-bijoux.com\/index.php\/wp-json\/wp\/v2\/types\/page"}],"author":[{"embeddable":true,"href":"https:\/\/valeska-bijoux.com\/index.php\/wp-json\/wp\/v2\/users\/1"}],"replies":[{"embeddable":true,"href":"https:\/\/valeska-bijoux.com\/index.php\/wp-json\/wp\/v2\/comments?post=612"}],"version-history":[{"count":12,"href":"https:\/\/valeska-bijoux.com\/index.php\/wp-json\/wp\/v2\/pages\/612\/revisions"}],"predecessor-version":[{"id":2692,"href":"https:\/\/valeska-bijoux.com\/index.php\/wp-json\/wp\/v2\/pages\/612\/revisions\/2692"}],"wp:attachment":[{"href":"https:\/\/valeska-bijoux.com\/index.php\/wp-json\/wp\/v2\/media?parent=612"}],"curies":[{"name":"wp","href":"https:\/\/api.w.org\/{rel}","templated":true}]}}