{"id":655,"date":"2014-05-18T13:40:32","date_gmt":"2014-05-18T13:40:32","guid":{"rendered":"http:\/\/demo.oxygentheme.com\/minimal\/demo-content\/?page_id=655"},"modified":"2021-06-30T16:39:09","modified_gmt":"2021-06-30T14:39:09","slug":"services","status":"publish","type":"page","link":"https:\/\/valeska-bijoux.com\/index.php\/services\/","title":{"rendered":"Cr\u00e9ation sur-mesure"},"content":{"rendered":"<p>[vc_row css=\u00a0\u00bb.vc_custom_1617695108179{padding-top: 0px !important;padding-right: 15px !important;padding-bottom: 0px !important;padding-left: 15px !important;background-color: #ffffff !important;}\u00a0\u00bb][vc_column width=\u00a0\u00bb1\/2&Prime; css=\u00a0\u00bb.vc_custom_1617694961335{margin-top: 0px !important;margin-right: 0px !important;margin-bottom: 0px !important;margin-left: 0px !important;border-top-width: 0px !important;border-right-width: 0px !important;border-bottom-width: 0px !important;border-left-width: 0px !important;padding-top: 0px !important;padding-right: 10px !important;padding-bottom: 0px !important;padding-left: 0px !important;}\u00a0\u00bb][vc_column_text]<\/p>\n<h1>Cr\u00e9ation de bijoux sur-mesure<\/h1>\n<p>[\/vc_column_text][vc_column_text]Vous pouvez commander un bijoux cr\u00e9\u00e9 sur-mesure, selon vos go\u00fbts et vos besoins !<\/p>\n<p>Vous choisissez une forme, une ou plusieurs couleurs et un support que vous me communiquez sous forme de croquis. Nous pouvons \u00e9galement nous rencontrer \u00e0 mon atelier pour discuter de votre projet, je vous accueillerai volontiers ! Rendez-vous sur ma page <a href=\"https:\/\/valeska-bijoux.com\/index.php\/contact\/\">contact<\/a> pour plus d&rsquo;infos.<\/p>\n<p>J&rsquo;\u00e9tudierai ensuite la faisabilit\u00e9 de votre projet et vous transmettrai un devis dans les plus brefs d\u00e9lais.<\/p>\n<p>Pendentifs, boucles d&rsquo;oreilles pour oreilles perc\u00e9es ou non, bagues, bracelets, boutons de manchette,&#8230; \u00e0 vous de d\u00e9cider ![\/vc_column_text][\/vc_column][vc_column width=\u00a0\u00bb1\/2&Prime;][vc_gallery interval=\u00a0\u00bb3&Prime; images=\u00a0\u00bb2796,2797,2798&Prime; img_size=\u00a0\u00bbfull\u00a0\u00bb][\/vc_column][\/vc_row][vc_row css=\u00a0\u00bb.vc_custom_1617695259775{padding-top: 10px !important;}\u00a0\u00bb][vc_column width=\u00a0\u00bb1\/3&Prime; css=\u00a0\u00bb.vc_custom_1617695308467{padding-top: 0px !important;}\u00a0\u00bb][vc_single_image image=\u00a0\u00bb3058&Prime; img_size=\u00a0\u00bblarge\u00a0\u00bb][\/vc_column][vc_column width=\u00a0\u00bb1\/3&Prime; css=\u00a0\u00bb.vc_custom_1617695316718{padding-top: 0px !important;}\u00a0\u00bb][vc_single_image image=\u00a0\u00bb3057&Prime; img_size=\u00a0\u00bblarge\u00a0\u00bb][\/vc_column][vc_column width=\u00a0\u00bb1\/3&Prime; css=\u00a0\u00bb.vc_custom_1617695322602{padding-top: 0px !important;}\u00a0\u00bb][vc_single_image image=\u00a0\u00bb3056&Prime; img_size=\u00a0\u00bblarge\u00a0\u00bb][\/vc_column][\/vc_row]<\/p>\n","protected":false},"excerpt":{"rendered":"<p>[vc_row css=\u00a0\u00bb.vc_custom_1617695108179{padding-top: 0px !important;padding-right: 15px !important;padding-bottom: 0px !important;padding-left: 15px !important;background-color: #ffffff !important;}\u00a0\u00bb][vc_column width=\u00a0\u00bb1\/2&Prime; css=\u00a0\u00bb.vc_custom_1617694961335{margin-top: 0px !important;margin-right: 0px !important;margin-bottom: 0px !important;margin-left: 0px !important;border-top-width: 0px !important;border-right-width: 0px !important;border-bottom-width: 0px !important;border-left-width: 0px !important;padding-top: 0px !important;padding-right: 10px !important;padding-bottom: 0px !important;padding-left: 0px !important;}\u00a0\u00bb][vc_column_text]&hellip;<\/p>\n","protected":false},"author":1,"featured_media":0,"parent":0,"menu_order":0,"comment_status":"open","ping_status":"open","template":"","meta":{"footnotes":""},"class_list":["post-655","page","type-page","status-publish","hentry"],"jetpack_sharing_enabled":true,"_links":{"self":[{"href":"https:\/\/valeska-bijoux.com\/index.php\/wp-json\/wp\/v2\/pages\/655","targetHints":{"allow":["GET"]}}],"collection":[{"href":"https:\/\/valeska-bijoux.com\/index.php\/wp-json\/wp\/v2\/pages"}],"about":[{"href":"https:\/\/valeska-bijoux.com\/index.php\/wp-json\/wp\/v2\/types\/page"}],"author":[{"embeddable":true,"href":"https:\/\/valeska-bijoux.com\/index.php\/wp-json\/wp\/v2\/users\/1"}],"replies":[{"embeddable":true,"href":"https:\/\/valeska-bijoux.com\/index.php\/wp-json\/wp\/v2\/comments?post=655"}],"version-history":[{"count":20,"href":"https:\/\/valeska-bijoux.com\/index.php\/wp-json\/wp\/v2\/pages\/655\/revisions"}],"predecessor-version":[{"id":3059,"href":"https:\/\/valeska-bijoux.com\/index.php\/wp-json\/wp\/v2\/pages\/655\/revisions\/3059"}],"wp:attachment":[{"href":"https:\/\/valeska-bijoux.com\/index.php\/wp-json\/wp\/v2\/media?parent=655"}],"curies":[{"name":"wp","href":"https:\/\/api.w.org\/{rel}","templated":true}]}}