{"id":897,"date":"2014-05-22T12:19:43","date_gmt":"2014-05-22T10:19:43","guid":{"rendered":"http:\/\/demo.oxygentheme.com\/minimal\/demo-content\/?page_id=897"},"modified":"2024-10-29T08:15:18","modified_gmt":"2024-10-29T07:15:18","slug":"home","status":"publish","type":"page","link":"https:\/\/valeska-bijoux.com\/","title":{"rendered":"accueil"},"content":{"rendered":"<p>[vc_row][vc_column][vc_column_text css=\u00a0\u00bb.vc_custom_1622615281961{padding-top: 10px !important;}\u00a0\u00bb]<\/p>\n<h1>Valeska bijoux : pendentifs, boucles d&rsquo;oreilles, bagues, et bien plus encore&#8230;<\/h1>\n<p>[\/vc_column_text][\/vc_column][\/vc_row][vc_row][vc_column][vc_column_text]Bienvenue sur mon site Valeska bijoux, o\u00f9 vous d\u00e9couvrirez un vaste choix de bijoux, mod\u00e8les uniques cr\u00e9\u00e9s artisanalement (et avec amour) en Suisse.<\/p>\n<p>La mati\u00e8re que je travaille est un verre sp\u00e9cial, au rendu brillant et lumineux exceptionnels. La technique que j&rsquo;utilise, le <a href=\"https:\/\/fr.wikipedia.org\/wiki\/Fusing\" target=\"_blank\" rel=\"noopener\">fusing<\/a>, magnifie ce verre et augmente sa solidit\u00e9, si bien que vous n&rsquo;aurez pas peur de le casser. D\u00e9couvrez-en plus sur ma page d\u00e9di\u00e9e <a href=\"https:\/\/valeska-bijoux.com\/index.php\/page-d-exemple\/\">Les bijoux<\/a> !<\/p>\n<p>Parcourez ma collection de bijoux dans la rubrique <a href=\"https:\/\/valeska-bijoux.com\/index.php\/shop\/\">e-shop<\/a>, et n&rsquo;h\u00e9sitez pas \u00e0 consulter ma page de <a href=\"https:\/\/valeska-bijoux.com\/index.php\/services\/\">cr\u00e9ation sur-mesure<\/a> pour commander un bijou \u00e0 votre image !<\/p>\n<p>Mon atelier est situ\u00e9 \u00e0 Clarens, tout pr\u00e8s de Montreux, o\u00f9 je travaille le verre sous toutes ses formes (ou presque !).<br \/>\nJe vous invite d&rsquo;ailleurs \u00e0 d\u00e9couvrir mon site d\u00e9di\u00e9 au vitrail \u00e0 cette adresse : <a href=\"http:\/\/atelier-vitrail.ch\/\" target=\"_blank\" rel=\"noopener\">atelier-vitrail.ch<\/a> et vous remercie d&rsquo;avance pour votre visite!<\/p>\n<p>Bien \u00e0 vous, B\u00e9atrice[\/vc_column_text][\/vc_column][\/vc_row][vc_row css=\u00a0\u00bb.vc_custom_1430936537476{padding-top: 30px !important;padding-bottom: 20px !important;}\u00a0\u00bb][vc_column width=\u00a0\u00bb1\/3&Prime;][laborator_banner2 image=\u00a0\u00bb3061&Prime; size=\u00a0\u00bb720&#215;450&Prime; is_category_link=\u00a0\u00bbno\u00a0\u00bb title=\u00a0\u00bbe-shop\u00a0\u00bb description=\u00a0\u00bbpendentifs, bagues, boucles d&rsquo;oreilles, &#8230;\u00a0\u00bb font_color=\u00a0\u00bb#ffffff\u00a0\u00bb type=\u00a0\u00bbbanner-type-2&Prime; overlay_bg=\u00a0\u00bbrgba(0,0,0,0.01)\u00a0\u00bb animation_delay=\u00a0\u00bb200ms\u00a0\u00bb href=\u00a0\u00bburl:https%3A%2F%2Fvaleska-bijoux.com%2Findex.php%2Fshop%2F|title:e-boutique\u00a0\u00bb][\/vc_column][vc_column width=\u00a0\u00bb1\/3&Prime;][laborator_banner2 image=\u00a0\u00bb3060&Prime; size=\u00a0\u00bb720&#215;450&Prime; is_category_link=\u00a0\u00bbno\u00a0\u00bb title=\u00a0\u00bbmes bijoux\u00a0\u00bb description=\u00a0\u00bbcollections &amp; fabrication\u00a0\u00bb font_color=\u00a0\u00bb#ffffff\u00a0\u00bb type=\u00a0\u00bbbanner-type-2&Prime; overlay_bg=\u00a0\u00bbrgba(0,0,0,0.01)\u00a0\u00bb animation_delay=\u00a0\u00bb100ms\u00a0\u00bb href=\u00a0\u00bburl:https%3A%2F%2Fvaleska-bijoux.com%2Findex.php%2Fpage-d-exemple%2F|title:les%20bijoux\u00a0\u00bb][\/vc_column][vc_column width=\u00a0\u00bb1\/3&Prime;][laborator_banner2 image=\u00a0\u00bb3062&Prime; size=\u00a0\u00bb720&#215;450&Prime; is_category_link=\u00a0\u00bbno\u00a0\u00bb title=\u00a0\u00bbcr\u00e9ation\u00a0\u00bb description=\u00a0\u00bbbijouxsur-mesure\u00a0\u00bb font_color=\u00a0\u00bb#ffffff\u00a0\u00bb type=\u00a0\u00bbbanner-type-2&Prime; overlay_bg=\u00a0\u00bbrgba(0,0,0,0.01)\u00a0\u00bb animation_delay=\u00a0\u00bb300ms\u00a0\u00bb href=\u00a0\u00bburl:https%3A%2F%2Fvaleska-bijoux.com%2Findex.php%2Fservices%2F|title:Cr%C3%A9ation%20sur-mesure\u00a0\u00bb][\/vc_column][\/vc_row][vc_row css=\u00a0\u00bb.vc_custom_1430319434397{padding-top: 30px !important;padding-bottom: 30px !important;}\u00a0\u00bb][vc_column][vc_text_separator separator_style=\u00a0\u00bbone-line-border\u00a0\u00bb title=\u00a0\u00bbnouveaut\u00e9s\u00a0\u00bb color=\u00a0\u00bbblack\u00a0\u00bb][\/vc_column][vc_column][\/vc_column][\/vc_row][vc_row][vc_column][laborator_products_carousel row_clear=\u00a0\u00bb4&Prime; auto_rotate=\u00a0\u00bb0&Prime; products_query=\u00a0\u00bbsize:12|order_by:menu_order|order:ASC|post_type:product\u00a0\u00bb][\/vc_column][\/vc_row]<\/p>\n","protected":false},"excerpt":{"rendered":"<p>[vc_row][vc_column][vc_column_text css=\u00a0\u00bb.vc_custom_1622615281961{padding-top: 10px !important;}\u00a0\u00bb] Valeska bijoux : pendentifs, boucles d&rsquo;oreilles, bagues, et bien plus encore&#8230; [\/vc_column_text][\/vc_column][\/vc_row][vc_row][vc_column][vc_column_text]Bienvenue sur mon site Valeska bijoux, o\u00f9 vous d\u00e9couvrirez un vaste choix de bijoux, mod\u00e8les uniques cr\u00e9\u00e9s artisanalement (et avec amour) en Suisse.&hellip;<\/p>\n","protected":false},"author":1,"featured_media":0,"parent":0,"menu_order":0,"comment_status":"open","ping_status":"closed","template":"","meta":{"footnotes":""},"class_list":["post-897","page","type-page","status-publish","hentry"],"jetpack_sharing_enabled":true,"_links":{"self":[{"href":"https:\/\/valeska-bijoux.com\/index.php\/wp-json\/wp\/v2\/pages\/897","targetHints":{"allow":["GET"]}}],"collection":[{"href":"https:\/\/valeska-bijoux.com\/index.php\/wp-json\/wp\/v2\/pages"}],"about":[{"href":"https:\/\/valeska-bijoux.com\/index.php\/wp-json\/wp\/v2\/types\/page"}],"author":[{"embeddable":true,"href":"https:\/\/valeska-bijoux.com\/index.php\/wp-json\/wp\/v2\/users\/1"}],"replies":[{"embeddable":true,"href":"https:\/\/valeska-bijoux.com\/index.php\/wp-json\/wp\/v2\/comments?post=897"}],"version-history":[{"count":34,"href":"https:\/\/valeska-bijoux.com\/index.php\/wp-json\/wp\/v2\/pages\/897\/revisions"}],"predecessor-version":[{"id":3380,"href":"https:\/\/valeska-bijoux.com\/index.php\/wp-json\/wp\/v2\/pages\/897\/revisions\/3380"}],"wp:attachment":[{"href":"https:\/\/valeska-bijoux.com\/index.php\/wp-json\/wp\/v2\/media?parent=897"}],"curies":[{"name":"wp","href":"https:\/\/api.w.org\/{rel}","templated":true}]}}