{"id":2445,"date":"2021-02-15T11:11:49","date_gmt":"2021-02-15T10:11:49","guid":{"rendered":"https:\/\/valeska-bijoux.com\/?post_type=product&#038;p=2445"},"modified":"2025-07-29T07:14:23","modified_gmt":"2025-07-29T05:14:23","slug":"bague-argent-bleu-craquele","status":"publish","type":"product","link":"https:\/\/valeska-bijoux.com\/index.php\/product\/bague-argent-bleu-craquele\/","title":{"rendered":"Bague bleu craquel\u00e9 carr\u00e9e"},"content":{"rendered":"<p><img loading=\"lazy\" decoding=\"async\" class=\"alignnone size-medium wp-image-3291\" src=\"https:\/\/valeska-bijoux.com\/wp-content\/uploads\/2022\/09\/bague-carre-bleu-craquele-212x300.jpg\" alt=\"\" width=\"212\" height=\"300\" srcset=\"https:\/\/valeska-bijoux.com\/wp-content\/uploads\/2022\/09\/bague-carre-bleu-craquele-212x300.jpg 212w, https:\/\/valeska-bijoux.com\/wp-content\/uploads\/2022\/09\/bague-carre-bleu-craquele-420x594.jpg 420w, https:\/\/valeska-bijoux.com\/wp-content\/uploads\/2022\/09\/bague-carre-bleu-craquele.jpg 595w\" sizes=\"auto, (max-width: 212px) 100vw, 212px\" \/><img loading=\"lazy\" decoding=\"async\" class=\"alignnone wp-image-2790 size-medium\" src=\"https:\/\/valeska-bijoux.com\/wp-content\/uploads\/2021\/06\/bague-argent-bleu-craquele-212x300.jpg\" alt=\"\" width=\"212\" height=\"300\" srcset=\"https:\/\/valeska-bijoux.com\/wp-content\/uploads\/2021\/06\/bague-argent-bleu-craquele-212x300.jpg 212w, https:\/\/valeska-bijoux.com\/wp-content\/uploads\/2021\/06\/bague-argent-bleu-craquele-420x594.jpg 420w, https:\/\/valeska-bijoux.com\/wp-content\/uploads\/2021\/06\/bague-argent-bleu-craquele.jpg 595w\" sizes=\"auto, (max-width: 212px) 100vw, 212px\" \/><\/p>\n","protected":false},"excerpt":{"rendered":"<p>Bague r\u00e9alis\u00e9e en verre dichro\u00efque craquel\u00e9 turquoise, aux reflets bleu ciel<\/p>\n<p>Bague r\u00e9glable<\/p>\n<p>taille du cabochon : 1,7 x 1,7 cm<\/p>\n<p>mati\u00e8re : verre et acier<\/p>\n","protected":false},"featured_media":2790,"template":"","meta":[],"product_brand":[],"product_cat":[117,207],"product_tag":[129,120,202],"class_list":{"0":"post-2445","1":"product","2":"type-product","3":"status-publish","4":"has-post-thumbnail","6":"product_cat-bague","7":"product_cat-bague-argente","8":"product_tag-acier","9":"product_tag-bijoux","10":"product_tag-support-argente","12":"first","13":"outofstock","14":"purchasable","15":"product-type-simple"},"jetpack_sharing_enabled":true,"_links":{"self":[{"href":"https:\/\/valeska-bijoux.com\/index.php\/wp-json\/wp\/v2\/product\/2445","targetHints":{"allow":["GET"]}}],"collection":[{"href":"https:\/\/valeska-bijoux.com\/index.php\/wp-json\/wp\/v2\/product"}],"about":[{"href":"https:\/\/valeska-bijoux.com\/index.php\/wp-json\/wp\/v2\/types\/product"}],"wp:featuredmedia":[{"embeddable":true,"href":"https:\/\/valeska-bijoux.com\/index.php\/wp-json\/wp\/v2\/media\/2790"}],"wp:attachment":[{"href":"https:\/\/valeska-bijoux.com\/index.php\/wp-json\/wp\/v2\/media?parent=2445"}],"wp:term":[{"taxonomy":"product_brand","embeddable":true,"href":"https:\/\/valeska-bijoux.com\/index.php\/wp-json\/wp\/v2\/product_brand?post=2445"},{"taxonomy":"product_cat","embeddable":true,"href":"https:\/\/valeska-bijoux.com\/index.php\/wp-json\/wp\/v2\/product_cat?post=2445"},{"taxonomy":"product_tag","embeddable":true,"href":"https:\/\/valeska-bijoux.com\/index.php\/wp-json\/wp\/v2\/product_tag?post=2445"}],"curies":[{"name":"wp","href":"https:\/\/api.w.org\/{rel}","templated":true}]}}