{"id":2811,"date":"2021-06-15T16:56:05","date_gmt":"2021-06-15T14:56:05","guid":{"rendered":"https:\/\/valeska-bijoux.com\/?post_type=product&#038;p=2811"},"modified":"2025-05-28T16:23:57","modified_gmt":"2025-05-28T14:23:57","slug":"bague-nuage-dore-grande","status":"publish","type":"product","link":"https:\/\/valeska-bijoux.com\/index.php\/product\/bague-nuage-dore-grande\/","title":{"rendered":"Bague Nuage pastel grande"},"content":{"rendered":"<p><img loading=\"lazy\" decoding=\"async\" class=\"alignnone size-medium wp-image-3292\" src=\"https:\/\/valeska-bijoux.com\/wp-content\/uploads\/2022\/09\/bague-rose-pastel-rond-212x300.jpg\" alt=\"\" width=\"212\" height=\"300\" srcset=\"https:\/\/valeska-bijoux.com\/wp-content\/uploads\/2022\/09\/bague-rose-pastel-rond-212x300.jpg 212w, https:\/\/valeska-bijoux.com\/wp-content\/uploads\/2022\/09\/bague-rose-pastel-rond-420x594.jpg 420w, https:\/\/valeska-bijoux.com\/wp-content\/uploads\/2022\/09\/bague-rose-pastel-rond.jpg 595w\" sizes=\"auto, (max-width: 212px) 100vw, 212px\" \/><img loading=\"lazy\" decoding=\"async\" class=\"alignnone size-medium wp-image-2846\" src=\"https:\/\/valeska-bijoux.com\/wp-content\/uploads\/2021\/06\/bague-doree-nuage-212x300.jpg\" alt=\"bague dor\u00e9e pastel nuage\" width=\"212\" height=\"300\" srcset=\"https:\/\/valeska-bijoux.com\/wp-content\/uploads\/2021\/06\/bague-doree-nuage-212x300.jpg 212w, https:\/\/valeska-bijoux.com\/wp-content\/uploads\/2021\/06\/bague-doree-nuage-420x594.jpg 420w, https:\/\/valeska-bijoux.com\/wp-content\/uploads\/2021\/06\/bague-doree-nuage.jpg 595w\" sizes=\"auto, (max-width: 212px) 100vw, 212px\" \/><\/p>\n","protected":false},"excerpt":{"rendered":"<p>Bague r\u00e9alis\u00e9e en verre dichro\u00efque bleu et dor\u00e9 sur fond blanc, rose et bleu-vert pastel<\/p>\n<p>Bague r\u00e9glable<\/p>\n<p>taille du cabochon : 2,2 x 2,2 cm<\/p>\n<p>mati\u00e8re : verre et m\u00e9tal dor\u00e9 \u00e0 l&rsquo;or fin<\/p>\n","protected":false},"featured_media":2846,"template":"","meta":[],"product_brand":[],"product_cat":[117,206],"product_tag":[120,130,203],"class_list":{"0":"post-2811","1":"product","2":"type-product","3":"status-publish","4":"has-post-thumbnail","6":"product_cat-bague","7":"product_cat-bague-dore","8":"product_tag-bijoux","9":"product_tag-dore-or","10":"product_tag-support-dore","12":"first","13":"outofstock","14":"purchasable","15":"product-type-simple"},"jetpack_sharing_enabled":true,"_links":{"self":[{"href":"https:\/\/valeska-bijoux.com\/index.php\/wp-json\/wp\/v2\/product\/2811","targetHints":{"allow":["GET"]}}],"collection":[{"href":"https:\/\/valeska-bijoux.com\/index.php\/wp-json\/wp\/v2\/product"}],"about":[{"href":"https:\/\/valeska-bijoux.com\/index.php\/wp-json\/wp\/v2\/types\/product"}],"wp:featuredmedia":[{"embeddable":true,"href":"https:\/\/valeska-bijoux.com\/index.php\/wp-json\/wp\/v2\/media\/2846"}],"wp:attachment":[{"href":"https:\/\/valeska-bijoux.com\/index.php\/wp-json\/wp\/v2\/media?parent=2811"}],"wp:term":[{"taxonomy":"product_brand","embeddable":true,"href":"https:\/\/valeska-bijoux.com\/index.php\/wp-json\/wp\/v2\/product_brand?post=2811"},{"taxonomy":"product_cat","embeddable":true,"href":"https:\/\/valeska-bijoux.com\/index.php\/wp-json\/wp\/v2\/product_cat?post=2811"},{"taxonomy":"product_tag","embeddable":true,"href":"https:\/\/valeska-bijoux.com\/index.php\/wp-json\/wp\/v2\/product_tag?post=2811"}],"curies":[{"name":"wp","href":"https:\/\/api.w.org\/{rel}","templated":true}]}}