{"id":2840,"date":"2021-06-16T15:42:04","date_gmt":"2021-06-16T13:42:04","guid":{"rendered":"https:\/\/valeska-bijoux.com\/?post_type=product&#038;p=2840"},"modified":"2024-12-06T11:48:07","modified_gmt":"2024-12-06T10:48:07","slug":"bague-bleu-vert-carree","status":"publish","type":"product","link":"https:\/\/valeska-bijoux.com\/index.php\/product\/bague-bleu-vert-carree\/","title":{"rendered":"Bague bleu vert carr\u00e9e"},"content":{"rendered":"<p><img loading=\"lazy\" decoding=\"async\" class=\"alignnone size-medium wp-image-2820\" src=\"https:\/\/valeska-bijoux.com\/wp-content\/uploads\/2021\/06\/bague-argent-bleuvert-212x300.jpg\" alt=\"bague bleu vert\" width=\"212\" height=\"300\" srcset=\"https:\/\/valeska-bijoux.com\/wp-content\/uploads\/2021\/06\/bague-argent-bleuvert-212x300.jpg 212w, https:\/\/valeska-bijoux.com\/wp-content\/uploads\/2021\/06\/bague-argent-bleuvert-420x594.jpg 420w, https:\/\/valeska-bijoux.com\/wp-content\/uploads\/2021\/06\/bague-argent-bleuvert.jpg 595w\" sizes=\"auto, (max-width: 212px) 100vw, 212px\" \/><\/p>\n","protected":false},"excerpt":{"rendered":"<p>Bague r\u00e9alis\u00e9e en verre dichro\u00efque bleu vert intense<\/p>\n<p>Bague r\u00e9glable<\/p>\n<p>taille du cabochon : 1,7 x 1,7 cm<\/p>\n<p>mati\u00e8re : verre et support acier<\/p>\n","protected":false},"featured_media":2820,"template":"","meta":[],"product_brand":[],"product_cat":[117,207],"product_tag":[129,120,202],"class_list":{"0":"post-2840","1":"product","2":"type-product","3":"status-publish","4":"has-post-thumbnail","6":"product_cat-bague","7":"product_cat-bague-argente","8":"product_tag-acier","9":"product_tag-bijoux","10":"product_tag-support-argente","12":"first","13":"instock","14":"purchasable","15":"product-type-simple"},"jetpack_sharing_enabled":true,"_links":{"self":[{"href":"https:\/\/valeska-bijoux.com\/index.php\/wp-json\/wp\/v2\/product\/2840","targetHints":{"allow":["GET"]}}],"collection":[{"href":"https:\/\/valeska-bijoux.com\/index.php\/wp-json\/wp\/v2\/product"}],"about":[{"href":"https:\/\/valeska-bijoux.com\/index.php\/wp-json\/wp\/v2\/types\/product"}],"wp:featuredmedia":[{"embeddable":true,"href":"https:\/\/valeska-bijoux.com\/index.php\/wp-json\/wp\/v2\/media\/2820"}],"wp:attachment":[{"href":"https:\/\/valeska-bijoux.com\/index.php\/wp-json\/wp\/v2\/media?parent=2840"}],"wp:term":[{"taxonomy":"product_brand","embeddable":true,"href":"https:\/\/valeska-bijoux.com\/index.php\/wp-json\/wp\/v2\/product_brand?post=2840"},{"taxonomy":"product_cat","embeddable":true,"href":"https:\/\/valeska-bijoux.com\/index.php\/wp-json\/wp\/v2\/product_cat?post=2840"},{"taxonomy":"product_tag","embeddable":true,"href":"https:\/\/valeska-bijoux.com\/index.php\/wp-json\/wp\/v2\/product_tag?post=2840"}],"curies":[{"name":"wp","href":"https:\/\/api.w.org\/{rel}","templated":true}]}}