{"id":2922,"date":"2021-06-29T14:07:36","date_gmt":"2021-06-29T12:07:36","guid":{"rendered":"https:\/\/valeska-bijoux.com\/?post_type=product&#038;p=2922"},"modified":"2021-12-04T18:26:45","modified_gmt":"2021-12-04T17:26:45","slug":"pendentif-rectangle-rouge-bordeaux","status":"publish","type":"product","link":"https:\/\/valeska-bijoux.com\/index.php\/product\/pendentif-rectangle-rouge-bordeaux\/","title":{"rendered":"Pendentif rectangle rouge bordeaux"},"content":{"rendered":"<p><img loading=\"lazy\" decoding=\"async\" class=\"alignnone size-medium wp-image-2866\" src=\"https:\/\/valeska-bijoux.com\/wp-content\/uploads\/2021\/06\/pendentif-argent-bordeau-rectangle-1-212x300.jpg\" alt=\"pendentif rouge bordeaux grand\" width=\"212\" height=\"300\" srcset=\"https:\/\/valeska-bijoux.com\/wp-content\/uploads\/2021\/06\/pendentif-argent-bordeau-rectangle-1-212x300.jpg 212w, https:\/\/valeska-bijoux.com\/wp-content\/uploads\/2021\/06\/pendentif-argent-bordeau-rectangle-1-420x594.jpg 420w, https:\/\/valeska-bijoux.com\/wp-content\/uploads\/2021\/06\/pendentif-argent-bordeau-rectangle-1.jpg 595w\" sizes=\"auto, (max-width: 212px) 100vw, 212px\" \/><\/p>\n","protected":false},"excerpt":{"rendered":"<p>Pendentif r\u00e9alis\u00e9 en verre dichro\u00efque rouge bordeaux aux reflets violets<\/p>\n<p>taille du pendentif : 1,9 x 2,7 cm<\/p>\n<p>mati\u00e8re : verre, m\u00e9tal\u00a0plaqu\u00e9 argent<\/p>\n<p><strong>Pendentif vendu sans la cha\u00eene<\/strong><\/p>\n","protected":false},"featured_media":2866,"template":"","meta":[],"product_brand":[],"product_cat":[211,115],"product_tag":[120,131,202],"class_list":{"0":"post-2922","1":"product","2":"type-product","3":"status-publish","4":"has-post-thumbnail","6":"product_cat-pendentif-argent","7":"product_cat-pendentif","8":"product_tag-bijoux","9":"product_tag-plaque_argent","10":"product_tag-support-argente","12":"first","13":"instock","14":"purchasable","15":"product-type-simple"},"jetpack_sharing_enabled":true,"_links":{"self":[{"href":"https:\/\/valeska-bijoux.com\/index.php\/wp-json\/wp\/v2\/product\/2922","targetHints":{"allow":["GET"]}}],"collection":[{"href":"https:\/\/valeska-bijoux.com\/index.php\/wp-json\/wp\/v2\/product"}],"about":[{"href":"https:\/\/valeska-bijoux.com\/index.php\/wp-json\/wp\/v2\/types\/product"}],"wp:featuredmedia":[{"embeddable":true,"href":"https:\/\/valeska-bijoux.com\/index.php\/wp-json\/wp\/v2\/media\/2866"}],"wp:attachment":[{"href":"https:\/\/valeska-bijoux.com\/index.php\/wp-json\/wp\/v2\/media?parent=2922"}],"wp:term":[{"taxonomy":"product_brand","embeddable":true,"href":"https:\/\/valeska-bijoux.com\/index.php\/wp-json\/wp\/v2\/product_brand?post=2922"},{"taxonomy":"product_cat","embeddable":true,"href":"https:\/\/valeska-bijoux.com\/index.php\/wp-json\/wp\/v2\/product_cat?post=2922"},{"taxonomy":"product_tag","embeddable":true,"href":"https:\/\/valeska-bijoux.com\/index.php\/wp-json\/wp\/v2\/product_tag?post=2922"}],"curies":[{"name":"wp","href":"https:\/\/api.w.org\/{rel}","templated":true}]}}