{"id":2953,"date":"2021-06-29T14:20:43","date_gmt":"2021-06-29T12:20:43","guid":{"rendered":"https:\/\/valeska-bijoux.com\/?post_type=product&#038;p=2953"},"modified":"2024-12-07T16:27:05","modified_gmt":"2024-12-07T15:27:05","slug":"pendentif-rond-vert-pastel","status":"publish","type":"product","link":"https:\/\/valeska-bijoux.com\/index.php\/product\/pendentif-rond-vert-pastel\/","title":{"rendered":"Pendentif rond vert pastel"},"content":{"rendered":"<p><img loading=\"lazy\" decoding=\"async\" class=\"alignnone size-medium wp-image-3315\" src=\"https:\/\/valeska-bijoux.com\/wp-content\/uploads\/2022\/09\/pendentif-rond-bleu-vert-pastel-212x300.jpg\" alt=\"\" width=\"212\" height=\"300\" srcset=\"https:\/\/valeska-bijoux.com\/wp-content\/uploads\/2022\/09\/pendentif-rond-bleu-vert-pastel-212x300.jpg 212w, https:\/\/valeska-bijoux.com\/wp-content\/uploads\/2022\/09\/pendentif-rond-bleu-vert-pastel-420x594.jpg 420w, https:\/\/valeska-bijoux.com\/wp-content\/uploads\/2022\/09\/pendentif-rond-bleu-vert-pastel.jpg 595w\" sizes=\"auto, (max-width: 212px) 100vw, 212px\" \/><img loading=\"lazy\" decoding=\"async\" class=\"alignnone size-medium wp-image-3235\" src=\"https:\/\/valeska-bijoux.com\/wp-content\/uploads\/2022\/09\/pendentif-dore-rond-bleu-pastel-212x300.jpg\" alt=\"\" width=\"212\" height=\"300\" srcset=\"https:\/\/valeska-bijoux.com\/wp-content\/uploads\/2022\/09\/pendentif-dore-rond-bleu-pastel-212x300.jpg 212w, https:\/\/valeska-bijoux.com\/wp-content\/uploads\/2022\/09\/pendentif-dore-rond-bleu-pastel-420x594.jpg 420w, https:\/\/valeska-bijoux.com\/wp-content\/uploads\/2022\/09\/pendentif-dore-rond-bleu-pastel.jpg 595w\" sizes=\"auto, (max-width: 212px) 100vw, 212px\" \/><\/p>\n","protected":false},"excerpt":{"rendered":"<p>Pendentif r\u00e9alis\u00e9 en verre dichro\u00efque bleu pastel<\/p>\n<p>taille du pendentif : 2,1 x 2,1 cm<\/p>\n<p>mati\u00e8re : verre, m\u00e9tal plaqu\u00e9 or<\/p>\n<p><strong>Pendentif vendu sans la cha\u00eene<\/strong><\/p>\n","protected":false},"featured_media":3235,"template":"","meta":[],"product_brand":[],"product_cat":[115,208],"product_tag":[120,205,203],"class_list":{"0":"post-2953","1":"product","2":"type-product","3":"status-publish","4":"has-post-thumbnail","6":"product_cat-pendentif","7":"product_cat-pendentif-dore","8":"product_tag-bijoux","9":"product_tag-plaque-or","10":"product_tag-support-dore","12":"first","13":"instock","14":"purchasable","15":"product-type-simple"},"jetpack_sharing_enabled":true,"_links":{"self":[{"href":"https:\/\/valeska-bijoux.com\/index.php\/wp-json\/wp\/v2\/product\/2953","targetHints":{"allow":["GET"]}}],"collection":[{"href":"https:\/\/valeska-bijoux.com\/index.php\/wp-json\/wp\/v2\/product"}],"about":[{"href":"https:\/\/valeska-bijoux.com\/index.php\/wp-json\/wp\/v2\/types\/product"}],"wp:featuredmedia":[{"embeddable":true,"href":"https:\/\/valeska-bijoux.com\/index.php\/wp-json\/wp\/v2\/media\/3235"}],"wp:attachment":[{"href":"https:\/\/valeska-bijoux.com\/index.php\/wp-json\/wp\/v2\/media?parent=2953"}],"wp:term":[{"taxonomy":"product_brand","embeddable":true,"href":"https:\/\/valeska-bijoux.com\/index.php\/wp-json\/wp\/v2\/product_brand?post=2953"},{"taxonomy":"product_cat","embeddable":true,"href":"https:\/\/valeska-bijoux.com\/index.php\/wp-json\/wp\/v2\/product_cat?post=2953"},{"taxonomy":"product_tag","embeddable":true,"href":"https:\/\/valeska-bijoux.com\/index.php\/wp-json\/wp\/v2\/product_tag?post=2953"}],"curies":[{"name":"wp","href":"https:\/\/api.w.org\/{rel}","templated":true}]}}