{"id":3026,"date":"2021-06-29T18:10:23","date_gmt":"2021-06-29T16:10:23","guid":{"rendered":"https:\/\/valeska-bijoux.com\/?post_type=product&#038;p=3026"},"modified":"2024-12-07T16:26:17","modified_gmt":"2024-12-07T15:26:17","slug":"boucles-doreilles-pendantes-rose-bleu","status":"publish","type":"product","link":"https:\/\/valeska-bijoux.com\/index.php\/product\/boucles-doreilles-pendantes-rose-bleu\/","title":{"rendered":"Boucles d&rsquo;oreilles pendantes rose et bleu"},"content":{"rendered":"<p><img loading=\"lazy\" decoding=\"async\" class=\"alignnone size-medium wp-image-2995\" src=\"https:\/\/valeska-bijoux.com\/wp-content\/uploads\/2021\/06\/boucles-d-oreilles-pendantes-argent-rose-bleu-212x300.jpg\" alt=\"\" width=\"212\" height=\"300\" srcset=\"https:\/\/valeska-bijoux.com\/wp-content\/uploads\/2021\/06\/boucles-d-oreilles-pendantes-argent-rose-bleu-212x300.jpg 212w, https:\/\/valeska-bijoux.com\/wp-content\/uploads\/2021\/06\/boucles-d-oreilles-pendantes-argent-rose-bleu-420x594.jpg 420w, https:\/\/valeska-bijoux.com\/wp-content\/uploads\/2021\/06\/boucles-d-oreilles-pendantes-argent-rose-bleu.jpg 595w\" sizes=\"auto, (max-width: 212px) 100vw, 212px\" \/><\/p>\n","protected":false},"excerpt":{"rendered":"<p>Boucles d&rsquo;oreilles r\u00e9alis\u00e9es en verre dichro\u00efque rose et bleu<\/p>\n<p>taille des cabochons : 0,9 x 0,9 cm<\/p>\n<p>mati\u00e8re : verre, acier<\/p>\n","protected":false},"featured_media":2995,"template":"","meta":[],"product_brand":[],"product_cat":[213,116,210],"product_tag":[129,120,202],"class_list":{"0":"post-3026","1":"product","2":"type-product","3":"status-publish","4":"has-post-thumbnail","6":"product_cat-acier","7":"product_cat-boucles_oreilles","8":"product_cat-b-o-argente","9":"product_tag-acier","10":"product_tag-bijoux","11":"product_tag-support-argente","13":"first","14":"instock","15":"purchasable","16":"product-type-simple"},"jetpack_sharing_enabled":true,"_links":{"self":[{"href":"https:\/\/valeska-bijoux.com\/index.php\/wp-json\/wp\/v2\/product\/3026","targetHints":{"allow":["GET"]}}],"collection":[{"href":"https:\/\/valeska-bijoux.com\/index.php\/wp-json\/wp\/v2\/product"}],"about":[{"href":"https:\/\/valeska-bijoux.com\/index.php\/wp-json\/wp\/v2\/types\/product"}],"wp:featuredmedia":[{"embeddable":true,"href":"https:\/\/valeska-bijoux.com\/index.php\/wp-json\/wp\/v2\/media\/2995"}],"wp:attachment":[{"href":"https:\/\/valeska-bijoux.com\/index.php\/wp-json\/wp\/v2\/media?parent=3026"}],"wp:term":[{"taxonomy":"product_brand","embeddable":true,"href":"https:\/\/valeska-bijoux.com\/index.php\/wp-json\/wp\/v2\/product_brand?post=3026"},{"taxonomy":"product_cat","embeddable":true,"href":"https:\/\/valeska-bijoux.com\/index.php\/wp-json\/wp\/v2\/product_cat?post=3026"},{"taxonomy":"product_tag","embeddable":true,"href":"https:\/\/valeska-bijoux.com\/index.php\/wp-json\/wp\/v2\/product_tag?post=3026"}],"curies":[{"name":"wp","href":"https:\/\/api.w.org\/{rel}","templated":true}]}}