{"id":3033,"date":"2021-06-29T18:18:28","date_gmt":"2021-06-29T16:18:28","guid":{"rendered":"https:\/\/valeska-bijoux.com\/?post_type=product&#038;p=3033"},"modified":"2024-12-06T11:50:10","modified_gmt":"2024-12-06T10:50:10","slug":"boucles-doreilles-pendantes-rose-et-vert-2","status":"publish","type":"product","link":"https:\/\/valeska-bijoux.com\/index.php\/product\/boucles-doreilles-pendantes-rose-et-vert-2\/","title":{"rendered":"Boucles d&rsquo;oreilles pendantes rose et vert"},"content":{"rendered":"<p><img loading=\"lazy\" decoding=\"async\" class=\"alignnone size-medium wp-image-3002\" src=\"https:\/\/valeska-bijoux.com\/wp-content\/uploads\/2021\/06\/boucles-d-oreilles-pendantes-or-rose-212x300.jpg\" alt=\"\" width=\"212\" height=\"300\" srcset=\"https:\/\/valeska-bijoux.com\/wp-content\/uploads\/2021\/06\/boucles-d-oreilles-pendantes-or-rose-212x300.jpg 212w, https:\/\/valeska-bijoux.com\/wp-content\/uploads\/2021\/06\/boucles-d-oreilles-pendantes-or-rose-420x594.jpg 420w, https:\/\/valeska-bijoux.com\/wp-content\/uploads\/2021\/06\/boucles-d-oreilles-pendantes-or-rose.jpg 595w\" sizes=\"auto, (max-width: 212px) 100vw, 212px\" \/><\/p>\n","protected":false},"excerpt":{"rendered":"<p>Boucles d&rsquo;oreilles r\u00e9alis\u00e9es en verre dichro\u00efque rose aux reflets verts<\/p>\n<p>taille des cabochons : 1,2 x 1,3 cm<\/p>\n<p>mati\u00e8re : verre, m\u00e9tal dor\u00e9<\/p>\n","protected":false},"featured_media":3002,"template":"","meta":[],"product_brand":[],"product_cat":[116,209,212],"product_tag":[120,203],"class_list":{"0":"post-3033","1":"product","2":"type-product","3":"status-publish","4":"has-post-thumbnail","6":"product_cat-boucles_oreilles","7":"product_cat-b-o-dore","8":"product_cat-dore-or-fin","9":"product_tag-bijoux","10":"product_tag-support-dore","12":"first","13":"instock","14":"purchasable","15":"product-type-simple"},"jetpack_sharing_enabled":true,"_links":{"self":[{"href":"https:\/\/valeska-bijoux.com\/index.php\/wp-json\/wp\/v2\/product\/3033","targetHints":{"allow":["GET"]}}],"collection":[{"href":"https:\/\/valeska-bijoux.com\/index.php\/wp-json\/wp\/v2\/product"}],"about":[{"href":"https:\/\/valeska-bijoux.com\/index.php\/wp-json\/wp\/v2\/types\/product"}],"wp:featuredmedia":[{"embeddable":true,"href":"https:\/\/valeska-bijoux.com\/index.php\/wp-json\/wp\/v2\/media\/3002"}],"wp:attachment":[{"href":"https:\/\/valeska-bijoux.com\/index.php\/wp-json\/wp\/v2\/media?parent=3033"}],"wp:term":[{"taxonomy":"product_brand","embeddable":true,"href":"https:\/\/valeska-bijoux.com\/index.php\/wp-json\/wp\/v2\/product_brand?post=3033"},{"taxonomy":"product_cat","embeddable":true,"href":"https:\/\/valeska-bijoux.com\/index.php\/wp-json\/wp\/v2\/product_cat?post=3033"},{"taxonomy":"product_tag","embeddable":true,"href":"https:\/\/valeska-bijoux.com\/index.php\/wp-json\/wp\/v2\/product_tag?post=3033"}],"curies":[{"name":"wp","href":"https:\/\/api.w.org\/{rel}","templated":true}]}}