{"id":3096,"date":"2021-11-13T17:08:46","date_gmt":"2021-11-13T16:08:46","guid":{"rendered":"https:\/\/valeska-bijoux.com\/?post_type=product&#038;p=3096"},"modified":"2024-12-06T11:42:36","modified_gmt":"2024-12-06T10:42:36","slug":"chaine-plaque-argent-serpentine","status":"publish","type":"product","link":"https:\/\/valeska-bijoux.com\/index.php\/product\/chaine-plaque-argent-serpentine\/","title":{"rendered":"Cha\u00eene plaqu\u00e9e argent serpentine"},"content":{"rendered":"<p><img loading=\"lazy\" decoding=\"async\" class=\"alignnone size-medium wp-image-3102\" src=\"https:\/\/valeska-bijoux.com\/wp-content\/uploads\/2021\/11\/chaine-serpent-plaqueargent-212x300.jpg\" alt=\"Cha\u00eene en m\u00e9tal plaqu\u00e9 argent serpentine\" width=\"212\" height=\"300\" srcset=\"https:\/\/valeska-bijoux.com\/wp-content\/uploads\/2021\/11\/chaine-serpent-plaqueargent-212x300.jpg 212w, https:\/\/valeska-bijoux.com\/wp-content\/uploads\/2021\/11\/chaine-serpent-plaqueargent-420x594.jpg 420w, https:\/\/valeska-bijoux.com\/wp-content\/uploads\/2021\/11\/chaine-serpent-plaqueargent.jpg 595w\" sizes=\"auto, (max-width: 212px) 100vw, 212px\" \/><\/p>\n","protected":false},"excerpt":{"rendered":"<p>Cha\u00eene en m\u00e9tal plaqu\u00e9 argent maille serpentine<\/p>\n<p>longueur : 45cm<\/p>\n","protected":false},"featured_media":3102,"template":"","meta":[],"product_brand":[],"product_cat":[119,214],"product_tag":[128,131,202],"class_list":{"0":"post-3096","1":"product","2":"type-product","3":"status-publish","4":"has-post-thumbnail","6":"product_cat-chaines","7":"product_cat-plaque-argent","8":"product_tag-argent","9":"product_tag-plaque_argent","10":"product_tag-support-argente","12":"first","13":"instock","14":"purchasable","15":"product-type-simple"},"jetpack_sharing_enabled":true,"_links":{"self":[{"href":"https:\/\/valeska-bijoux.com\/index.php\/wp-json\/wp\/v2\/product\/3096","targetHints":{"allow":["GET"]}}],"collection":[{"href":"https:\/\/valeska-bijoux.com\/index.php\/wp-json\/wp\/v2\/product"}],"about":[{"href":"https:\/\/valeska-bijoux.com\/index.php\/wp-json\/wp\/v2\/types\/product"}],"wp:featuredmedia":[{"embeddable":true,"href":"https:\/\/valeska-bijoux.com\/index.php\/wp-json\/wp\/v2\/media\/3102"}],"wp:attachment":[{"href":"https:\/\/valeska-bijoux.com\/index.php\/wp-json\/wp\/v2\/media?parent=3096"}],"wp:term":[{"taxonomy":"product_brand","embeddable":true,"href":"https:\/\/valeska-bijoux.com\/index.php\/wp-json\/wp\/v2\/product_brand?post=3096"},{"taxonomy":"product_cat","embeddable":true,"href":"https:\/\/valeska-bijoux.com\/index.php\/wp-json\/wp\/v2\/product_cat?post=3096"},{"taxonomy":"product_tag","embeddable":true,"href":"https:\/\/valeska-bijoux.com\/index.php\/wp-json\/wp\/v2\/product_tag?post=3096"}],"curies":[{"name":"wp","href":"https:\/\/api.w.org\/{rel}","templated":true}]}}