{"id":3106,"date":"2021-11-13T17:16:54","date_gmt":"2021-11-13T16:16:54","guid":{"rendered":"https:\/\/valeska-bijoux.com\/?post_type=product&#038;p=3106"},"modified":"2024-12-06T11:42:00","modified_gmt":"2024-12-06T10:42:00","slug":"chaine-doree-a-lor-fin-maille-paloma","status":"publish","type":"product","link":"https:\/\/valeska-bijoux.com\/index.php\/product\/chaine-doree-a-lor-fin-maille-paloma\/","title":{"rendered":"Cha\u00eene dor\u00e9e \u00e0 l&rsquo;or fin maille Paloma"},"content":{"rendered":"<p><img loading=\"lazy\" decoding=\"async\" class=\"alignnone size-medium wp-image-3100\" src=\"https:\/\/valeska-bijoux.com\/wp-content\/uploads\/2021\/11\/chaine-doree-212x300.jpg\" alt=\"chaine dor\u00e9e or fin paloma\" width=\"212\" height=\"300\" srcset=\"https:\/\/valeska-bijoux.com\/wp-content\/uploads\/2021\/11\/chaine-doree-212x300.jpg 212w, https:\/\/valeska-bijoux.com\/wp-content\/uploads\/2021\/11\/chaine-doree-420x594.jpg 420w, https:\/\/valeska-bijoux.com\/wp-content\/uploads\/2021\/11\/chaine-doree.jpg 595w\" sizes=\"auto, (max-width: 212px) 100vw, 212px\" \/><\/p>\n","protected":false},"excerpt":{"rendered":"<p>Cha\u00eene en m\u00e9tal dor\u00e9 \u00e0 l&rsquo;or fin maille paloma<\/p>\n<p>longueur : 42cm<\/p>\n","protected":false},"featured_media":3100,"template":"","meta":[],"product_brand":[],"product_cat":[119,212],"product_tag":[130,203],"class_list":{"0":"post-3106","1":"product","2":"type-product","3":"status-publish","4":"has-post-thumbnail","6":"product_cat-chaines","7":"product_cat-dore-or-fin","8":"product_tag-dore-or","9":"product_tag-support-dore","11":"first","12":"instock","13":"purchasable","14":"product-type-simple"},"jetpack_sharing_enabled":true,"_links":{"self":[{"href":"https:\/\/valeska-bijoux.com\/index.php\/wp-json\/wp\/v2\/product\/3106","targetHints":{"allow":["GET"]}}],"collection":[{"href":"https:\/\/valeska-bijoux.com\/index.php\/wp-json\/wp\/v2\/product"}],"about":[{"href":"https:\/\/valeska-bijoux.com\/index.php\/wp-json\/wp\/v2\/types\/product"}],"wp:featuredmedia":[{"embeddable":true,"href":"https:\/\/valeska-bijoux.com\/index.php\/wp-json\/wp\/v2\/media\/3100"}],"wp:attachment":[{"href":"https:\/\/valeska-bijoux.com\/index.php\/wp-json\/wp\/v2\/media?parent=3106"}],"wp:term":[{"taxonomy":"product_brand","embeddable":true,"href":"https:\/\/valeska-bijoux.com\/index.php\/wp-json\/wp\/v2\/product_brand?post=3106"},{"taxonomy":"product_cat","embeddable":true,"href":"https:\/\/valeska-bijoux.com\/index.php\/wp-json\/wp\/v2\/product_cat?post=3106"},{"taxonomy":"product_tag","embeddable":true,"href":"https:\/\/valeska-bijoux.com\/index.php\/wp-json\/wp\/v2\/product_tag?post=3106"}],"curies":[{"name":"wp","href":"https:\/\/api.w.org\/{rel}","templated":true}]}}