{"id":3142,"date":"2021-12-05T18:18:53","date_gmt":"2021-12-05T17:18:53","guid":{"rendered":"https:\/\/valeska-bijoux.com\/?post_type=product&#038;p=3142"},"modified":"2025-02-28T11:57:30","modified_gmt":"2025-02-28T10:57:30","slug":"bague-blanc-zebre-ouverte","status":"publish","type":"product","link":"https:\/\/valeska-bijoux.com\/index.php\/product\/bague-blanc-zebre-ouverte\/","title":{"rendered":"Bague blanc z\u00e8bre ouverte"},"content":{"rendered":"<p><img loading=\"lazy\" decoding=\"async\" class=\"alignnone size-medium wp-image-3147\" src=\"https:\/\/valeska-bijoux.com\/wp-content\/uploads\/2021\/12\/bague-argent-blanc-zebre-demi-212x300.jpg\" alt=\"\" width=\"212\" height=\"300\" srcset=\"https:\/\/valeska-bijoux.com\/wp-content\/uploads\/2021\/12\/bague-argent-blanc-zebre-demi-212x300.jpg 212w, https:\/\/valeska-bijoux.com\/wp-content\/uploads\/2021\/12\/bague-argent-blanc-zebre-demi-420x594.jpg 420w, https:\/\/valeska-bijoux.com\/wp-content\/uploads\/2021\/12\/bague-argent-blanc-zebre-demi.jpg 595w\" sizes=\"auto, (max-width: 212px) 100vw, 212px\" \/><\/p>\n","protected":false},"excerpt":{"rendered":"<p>Bague r\u00e9alis\u00e9e en verre dichro\u00efque blanc z\u00e9br\u00e9<\/p>\n<p>Bague r\u00e9glable<\/p>\n<p>taille du cabochon : 1 x 0,9 cm<\/p>\n<p>mati\u00e8re : verre et support m\u00e9tal plaqu\u00e9 argent<\/p>\n","protected":false},"featured_media":3147,"template":"","meta":[],"product_brand":[],"product_cat":[117,207],"product_tag":[120,131,202],"class_list":{"0":"post-3142","1":"product","2":"type-product","3":"status-publish","4":"has-post-thumbnail","6":"product_cat-bague","7":"product_cat-bague-argente","8":"product_tag-bijoux","9":"product_tag-plaque_argent","10":"product_tag-support-argente","12":"first","13":"outofstock","14":"purchasable","15":"product-type-simple"},"jetpack_sharing_enabled":true,"_links":{"self":[{"href":"https:\/\/valeska-bijoux.com\/index.php\/wp-json\/wp\/v2\/product\/3142","targetHints":{"allow":["GET"]}}],"collection":[{"href":"https:\/\/valeska-bijoux.com\/index.php\/wp-json\/wp\/v2\/product"}],"about":[{"href":"https:\/\/valeska-bijoux.com\/index.php\/wp-json\/wp\/v2\/types\/product"}],"wp:featuredmedia":[{"embeddable":true,"href":"https:\/\/valeska-bijoux.com\/index.php\/wp-json\/wp\/v2\/media\/3147"}],"wp:attachment":[{"href":"https:\/\/valeska-bijoux.com\/index.php\/wp-json\/wp\/v2\/media?parent=3142"}],"wp:term":[{"taxonomy":"product_brand","embeddable":true,"href":"https:\/\/valeska-bijoux.com\/index.php\/wp-json\/wp\/v2\/product_brand?post=3142"},{"taxonomy":"product_cat","embeddable":true,"href":"https:\/\/valeska-bijoux.com\/index.php\/wp-json\/wp\/v2\/product_cat?post=3142"},{"taxonomy":"product_tag","embeddable":true,"href":"https:\/\/valeska-bijoux.com\/index.php\/wp-json\/wp\/v2\/product_tag?post=3142"}],"curies":[{"name":"wp","href":"https:\/\/api.w.org\/{rel}","templated":true}]}}