{"id":3152,"date":"2021-12-05T18:32:17","date_gmt":"2021-12-05T17:32:17","guid":{"rendered":"https:\/\/valeska-bijoux.com\/?post_type=product&#038;p=3152"},"modified":"2024-12-06T11:50:49","modified_gmt":"2024-12-06T10:50:49","slug":"petit-pendentif-blanc","status":"publish","type":"product","link":"https:\/\/valeska-bijoux.com\/index.php\/product\/petit-pendentif-blanc\/","title":{"rendered":"Petit pendentif blanc"},"content":{"rendered":"<p><img loading=\"lazy\" decoding=\"async\" class=\"alignnone wp-image-3155 size-medium\" src=\"https:\/\/valeska-bijoux.com\/wp-content\/uploads\/2021\/12\/pendentif-argent-blanc-nacre-petit-212x300.jpg\" alt=\"\" width=\"212\" height=\"300\" srcset=\"https:\/\/valeska-bijoux.com\/wp-content\/uploads\/2021\/12\/pendentif-argent-blanc-nacre-petit-212x300.jpg 212w, https:\/\/valeska-bijoux.com\/wp-content\/uploads\/2021\/12\/pendentif-argent-blanc-nacre-petit-724x1024.jpg 724w, https:\/\/valeska-bijoux.com\/wp-content\/uploads\/2021\/12\/pendentif-argent-blanc-nacre-petit-768x1087.jpg 768w, https:\/\/valeska-bijoux.com\/wp-content\/uploads\/2021\/12\/pendentif-argent-blanc-nacre-petit-1086x1536.jpg 1086w, https:\/\/valeska-bijoux.com\/wp-content\/uploads\/2021\/12\/pendentif-argent-blanc-nacre-petit-1447x2048.jpg 1447w, https:\/\/valeska-bijoux.com\/wp-content\/uploads\/2021\/12\/pendentif-argent-blanc-nacre-petit-420x594.jpg 420w, https:\/\/valeska-bijoux.com\/wp-content\/uploads\/2021\/12\/pendentif-argent-blanc-nacre-petit-700x990.jpg 700w, https:\/\/valeska-bijoux.com\/wp-content\/uploads\/2021\/12\/pendentif-argent-blanc-nacre-petit-600x849.jpg 600w, https:\/\/valeska-bijoux.com\/wp-content\/uploads\/2021\/12\/pendentif-argent-blanc-nacre-petit.jpg 1687w\" sizes=\"auto, (max-width: 212px) 100vw, 212px\" \/><\/p>\n","protected":false},"excerpt":{"rendered":"<p>Pendentif r\u00e9alis\u00e9 en verre dichro\u00efque blanc<\/p>\n<p>taille du pendentif : 1,3 x 1,3 cm<\/p>\n<p>mati\u00e8re : verre, m\u00e9tal\u00a0plaqu\u00e9 argent<\/p>\n<p><strong>Pendentif vendu sans la cha\u00eene<\/strong><\/p>\n","protected":false},"featured_media":3155,"template":"","meta":[],"product_brand":[],"product_cat":[211,115],"product_tag":[120,131,202],"class_list":{"0":"post-3152","1":"product","2":"type-product","3":"status-publish","4":"has-post-thumbnail","6":"product_cat-pendentif-argent","7":"product_cat-pendentif","8":"product_tag-bijoux","9":"product_tag-plaque_argent","10":"product_tag-support-argente","12":"first","13":"instock","14":"purchasable","15":"product-type-simple"},"jetpack_sharing_enabled":true,"_links":{"self":[{"href":"https:\/\/valeska-bijoux.com\/index.php\/wp-json\/wp\/v2\/product\/3152","targetHints":{"allow":["GET"]}}],"collection":[{"href":"https:\/\/valeska-bijoux.com\/index.php\/wp-json\/wp\/v2\/product"}],"about":[{"href":"https:\/\/valeska-bijoux.com\/index.php\/wp-json\/wp\/v2\/types\/product"}],"wp:featuredmedia":[{"embeddable":true,"href":"https:\/\/valeska-bijoux.com\/index.php\/wp-json\/wp\/v2\/media\/3155"}],"wp:attachment":[{"href":"https:\/\/valeska-bijoux.com\/index.php\/wp-json\/wp\/v2\/media?parent=3152"}],"wp:term":[{"taxonomy":"product_brand","embeddable":true,"href":"https:\/\/valeska-bijoux.com\/index.php\/wp-json\/wp\/v2\/product_brand?post=3152"},{"taxonomy":"product_cat","embeddable":true,"href":"https:\/\/valeska-bijoux.com\/index.php\/wp-json\/wp\/v2\/product_cat?post=3152"},{"taxonomy":"product_tag","embeddable":true,"href":"https:\/\/valeska-bijoux.com\/index.php\/wp-json\/wp\/v2\/product_tag?post=3152"}],"curies":[{"name":"wp","href":"https:\/\/api.w.org\/{rel}","templated":true}]}}