{"id":3242,"date":"2022-09-17T11:59:36","date_gmt":"2022-09-17T09:59:36","guid":{"rendered":"https:\/\/valeska-bijoux.com\/?post_type=product&#038;p=3242"},"modified":"2022-09-17T12:01:51","modified_gmt":"2022-09-17T10:01:51","slug":"pendentif-moyen-rouge","status":"publish","type":"product","link":"https:\/\/valeska-bijoux.com\/index.php\/product\/pendentif-moyen-rouge\/","title":{"rendered":"Pendentif moyen rouge"},"content":{"rendered":"<p><img loading=\"lazy\" decoding=\"async\" class=\"alignnone size-medium wp-image-3226\" src=\"https:\/\/valeska-bijoux.com\/wp-content\/uploads\/2022\/09\/pendentif-argent-rond-rouge-212x300.jpg\" alt=\"\" width=\"212\" height=\"300\" srcset=\"https:\/\/valeska-bijoux.com\/wp-content\/uploads\/2022\/09\/pendentif-argent-rond-rouge-212x300.jpg 212w, https:\/\/valeska-bijoux.com\/wp-content\/uploads\/2022\/09\/pendentif-argent-rond-rouge-420x594.jpg 420w, https:\/\/valeska-bijoux.com\/wp-content\/uploads\/2022\/09\/pendentif-argent-rond-rouge.jpg 595w\" sizes=\"auto, (max-width: 212px) 100vw, 212px\" \/><\/p>\n","protected":false},"excerpt":{"rendered":"<p>Pendentif r\u00e9alis\u00e9 en verre dichro\u00efque rouge<\/p>\n<p>taille du pendentif : 2,3 x 2,3 cm<\/p>\n<p>mati\u00e8re : verre, m\u00e9tal\u00a0plaqu\u00e9 argent<\/p>\n<p><strong>Pendentif vendu sans la cha\u00eene<\/strong><\/p>\n","protected":false},"featured_media":3226,"template":"","meta":[],"product_brand":[],"product_cat":[211,115],"product_tag":[120,131,202],"class_list":{"0":"post-3242","1":"product","2":"type-product","3":"status-publish","4":"has-post-thumbnail","6":"product_cat-pendentif-argent","7":"product_cat-pendentif","8":"product_tag-bijoux","9":"product_tag-plaque_argent","10":"product_tag-support-argente","12":"first","13":"instock","14":"purchasable","15":"product-type-simple"},"jetpack_sharing_enabled":true,"_links":{"self":[{"href":"https:\/\/valeska-bijoux.com\/index.php\/wp-json\/wp\/v2\/product\/3242","targetHints":{"allow":["GET"]}}],"collection":[{"href":"https:\/\/valeska-bijoux.com\/index.php\/wp-json\/wp\/v2\/product"}],"about":[{"href":"https:\/\/valeska-bijoux.com\/index.php\/wp-json\/wp\/v2\/types\/product"}],"wp:featuredmedia":[{"embeddable":true,"href":"https:\/\/valeska-bijoux.com\/index.php\/wp-json\/wp\/v2\/media\/3226"}],"wp:attachment":[{"href":"https:\/\/valeska-bijoux.com\/index.php\/wp-json\/wp\/v2\/media?parent=3242"}],"wp:term":[{"taxonomy":"product_brand","embeddable":true,"href":"https:\/\/valeska-bijoux.com\/index.php\/wp-json\/wp\/v2\/product_brand?post=3242"},{"taxonomy":"product_cat","embeddable":true,"href":"https:\/\/valeska-bijoux.com\/index.php\/wp-json\/wp\/v2\/product_cat?post=3242"},{"taxonomy":"product_tag","embeddable":true,"href":"https:\/\/valeska-bijoux.com\/index.php\/wp-json\/wp\/v2\/product_tag?post=3242"}],"curies":[{"name":"wp","href":"https:\/\/api.w.org\/{rel}","templated":true}]}}