{"id":3246,"date":"2022-09-18T13:48:16","date_gmt":"2022-09-18T11:48:16","guid":{"rendered":"https:\/\/valeska-bijoux.com\/?post_type=product&#038;p=3246"},"modified":"2022-09-18T13:53:14","modified_gmt":"2022-09-18T11:53:14","slug":"pendentif-rosace-rouge-en-argent-925-1000","status":"publish","type":"product","link":"https:\/\/valeska-bijoux.com\/index.php\/product\/pendentif-rosace-rouge-en-argent-925-1000\/","title":{"rendered":"Pendentif rosace rouge en argent 925\/1000"},"content":{"rendered":"<p><img loading=\"lazy\" decoding=\"async\" class=\"alignnone size-medium wp-image-3227\" src=\"https:\/\/valeska-bijoux.com\/wp-content\/uploads\/2022\/09\/pendentif-argent-rosace-rouge-212x300.jpg\" alt=\"\" width=\"212\" height=\"300\" srcset=\"https:\/\/valeska-bijoux.com\/wp-content\/uploads\/2022\/09\/pendentif-argent-rosace-rouge-212x300.jpg 212w, https:\/\/valeska-bijoux.com\/wp-content\/uploads\/2022\/09\/pendentif-argent-rosace-rouge-420x594.jpg 420w, https:\/\/valeska-bijoux.com\/wp-content\/uploads\/2022\/09\/pendentif-argent-rosace-rouge.jpg 595w\" sizes=\"auto, (max-width: 212px) 100vw, 212px\" \/><\/p>\n","protected":false},"excerpt":{"rendered":"<p>Pendentif r\u00e9alis\u00e9 en verre dichro\u00efque rouge<\/p>\n<p>taille du pendentif : 2,4 x 2,4 cm<\/p>\n<p>taille du cabochon de verre : 1,8 x 1,8 cm<\/p>\n<p>mati\u00e8re : verre, argent 925\/1000<\/p>\n<p><strong>Pendentif vendu avec la cha\u00eene<\/strong><\/p>\n","protected":false},"featured_media":3227,"template":"","meta":[],"product_brand":[],"product_cat":[215,211,115],"product_tag":[120,131,202],"class_list":{"0":"post-3246","1":"product","2":"type-product","3":"status-publish","4":"has-post-thumbnail","6":"product_cat-argent","7":"product_cat-pendentif-argent","8":"product_cat-pendentif","9":"product_tag-bijoux","10":"product_tag-plaque_argent","11":"product_tag-support-argente","13":"first","14":"instock","15":"purchasable","16":"product-type-simple"},"jetpack_sharing_enabled":true,"_links":{"self":[{"href":"https:\/\/valeska-bijoux.com\/index.php\/wp-json\/wp\/v2\/product\/3246","targetHints":{"allow":["GET"]}}],"collection":[{"href":"https:\/\/valeska-bijoux.com\/index.php\/wp-json\/wp\/v2\/product"}],"about":[{"href":"https:\/\/valeska-bijoux.com\/index.php\/wp-json\/wp\/v2\/types\/product"}],"wp:featuredmedia":[{"embeddable":true,"href":"https:\/\/valeska-bijoux.com\/index.php\/wp-json\/wp\/v2\/media\/3227"}],"wp:attachment":[{"href":"https:\/\/valeska-bijoux.com\/index.php\/wp-json\/wp\/v2\/media?parent=3246"}],"wp:term":[{"taxonomy":"product_brand","embeddable":true,"href":"https:\/\/valeska-bijoux.com\/index.php\/wp-json\/wp\/v2\/product_brand?post=3246"},{"taxonomy":"product_cat","embeddable":true,"href":"https:\/\/valeska-bijoux.com\/index.php\/wp-json\/wp\/v2\/product_cat?post=3246"},{"taxonomy":"product_tag","embeddable":true,"href":"https:\/\/valeska-bijoux.com\/index.php\/wp-json\/wp\/v2\/product_tag?post=3246"}],"curies":[{"name":"wp","href":"https:\/\/api.w.org\/{rel}","templated":true}]}}