{"id":3249,"date":"2022-09-18T14:02:24","date_gmt":"2022-09-18T12:02:24","guid":{"rendered":"https:\/\/valeska-bijoux.com\/?post_type=product&#038;p=3249"},"modified":"2025-07-29T07:14:23","modified_gmt":"2025-07-29T05:14:23","slug":"grand-pendentif-allonge-orange-jaune-vert","status":"publish","type":"product","link":"https:\/\/valeska-bijoux.com\/index.php\/product\/grand-pendentif-allonge-orange-jaune-vert\/","title":{"rendered":"Grand pendentif allong\u00e9 orange-jaune-vert"},"content":{"rendered":"<p><img loading=\"lazy\" decoding=\"async\" class=\"alignnone size-medium wp-image-3304\" src=\"https:\/\/valeska-bijoux.com\/wp-content\/uploads\/2022\/09\/pendentif-long-orange-dore-212x300.jpg\" alt=\"\" width=\"212\" height=\"300\" srcset=\"https:\/\/valeska-bijoux.com\/wp-content\/uploads\/2022\/09\/pendentif-long-orange-dore-212x300.jpg 212w, https:\/\/valeska-bijoux.com\/wp-content\/uploads\/2022\/09\/pendentif-long-orange-dore-420x594.jpg 420w, https:\/\/valeska-bijoux.com\/wp-content\/uploads\/2022\/09\/pendentif-long-orange-dore.jpg 595w\" sizes=\"auto, (max-width: 212px) 100vw, 212px\" \/><img loading=\"lazy\" decoding=\"async\" class=\"alignnone size-medium wp-image-3219\" src=\"https:\/\/valeska-bijoux.com\/wp-content\/uploads\/2022\/09\/pendentif-argent-jaune-orange-grand-212x300.jpg\" alt=\"\" width=\"212\" height=\"300\" srcset=\"https:\/\/valeska-bijoux.com\/wp-content\/uploads\/2022\/09\/pendentif-argent-jaune-orange-grand-212x300.jpg 212w, https:\/\/valeska-bijoux.com\/wp-content\/uploads\/2022\/09\/pendentif-argent-jaune-orange-grand-420x594.jpg 420w, https:\/\/valeska-bijoux.com\/wp-content\/uploads\/2022\/09\/pendentif-argent-jaune-orange-grand.jpg 595w\" sizes=\"auto, (max-width: 212px) 100vw, 212px\" \/><\/p>\n","protected":false},"excerpt":{"rendered":"<p>Pendentif r\u00e9alis\u00e9 en verre dichro\u00efque multicolore<\/p>\n<p>taille du pendentif : 2 x 4 cm<\/p>\n<p>mati\u00e8re : verre, m\u00e9tal\u00a0plaqu\u00e9 argent<\/p>\n<p><strong>Pendentif vendu sans la cha\u00eene<\/strong><\/p>\n","protected":false},"featured_media":3219,"template":"","meta":[],"product_brand":[],"product_cat":[211,115],"product_tag":[120,131,202],"class_list":{"0":"post-3249","1":"product","2":"type-product","3":"status-publish","4":"has-post-thumbnail","6":"product_cat-pendentif-argent","7":"product_cat-pendentif","8":"product_tag-bijoux","9":"product_tag-plaque_argent","10":"product_tag-support-argente","12":"first","13":"outofstock","14":"purchasable","15":"product-type-simple"},"jetpack_sharing_enabled":true,"_links":{"self":[{"href":"https:\/\/valeska-bijoux.com\/index.php\/wp-json\/wp\/v2\/product\/3249","targetHints":{"allow":["GET"]}}],"collection":[{"href":"https:\/\/valeska-bijoux.com\/index.php\/wp-json\/wp\/v2\/product"}],"about":[{"href":"https:\/\/valeska-bijoux.com\/index.php\/wp-json\/wp\/v2\/types\/product"}],"wp:featuredmedia":[{"embeddable":true,"href":"https:\/\/valeska-bijoux.com\/index.php\/wp-json\/wp\/v2\/media\/3219"}],"wp:attachment":[{"href":"https:\/\/valeska-bijoux.com\/index.php\/wp-json\/wp\/v2\/media?parent=3249"}],"wp:term":[{"taxonomy":"product_brand","embeddable":true,"href":"https:\/\/valeska-bijoux.com\/index.php\/wp-json\/wp\/v2\/product_brand?post=3249"},{"taxonomy":"product_cat","embeddable":true,"href":"https:\/\/valeska-bijoux.com\/index.php\/wp-json\/wp\/v2\/product_cat?post=3249"},{"taxonomy":"product_tag","embeddable":true,"href":"https:\/\/valeska-bijoux.com\/index.php\/wp-json\/wp\/v2\/product_tag?post=3249"}],"curies":[{"name":"wp","href":"https:\/\/api.w.org\/{rel}","templated":true}]}}