{"id":3252,"date":"2022-09-19T08:58:49","date_gmt":"2022-09-19T06:58:49","guid":{"rendered":"https:\/\/valeska-bijoux.com\/?post_type=product&#038;p=3252"},"modified":"2022-09-19T09:00:19","modified_gmt":"2022-09-19T07:00:19","slug":"pendentif-moyen-bleu-et-mauve","status":"publish","type":"product","link":"https:\/\/valeska-bijoux.com\/index.php\/product\/pendentif-moyen-bleu-et-mauve\/","title":{"rendered":"Pendentif moyen bleu et mauve"},"content":{"rendered":"<p><img loading=\"lazy\" decoding=\"async\" class=\"alignnone size-medium wp-image-3214\" src=\"https:\/\/valeska-bijoux.com\/wp-content\/uploads\/2022\/09\/pendentif-argent-bleu-stringer-212x300.jpg\" alt=\"\" width=\"212\" height=\"300\" srcset=\"https:\/\/valeska-bijoux.com\/wp-content\/uploads\/2022\/09\/pendentif-argent-bleu-stringer-212x300.jpg 212w, https:\/\/valeska-bijoux.com\/wp-content\/uploads\/2022\/09\/pendentif-argent-bleu-stringer-420x594.jpg 420w, https:\/\/valeska-bijoux.com\/wp-content\/uploads\/2022\/09\/pendentif-argent-bleu-stringer.jpg 595w\" sizes=\"auto, (max-width: 212px) 100vw, 212px\" \/><\/p>\n","protected":false},"excerpt":{"rendered":"<p>Pendentif r\u00e9alis\u00e9 en verre bleu et mauve<\/p>\n<p>taille du pendentif : 2,8 x 2,2 cm<\/p>\n<p>mati\u00e8re : verre, m\u00e9tal plaqu\u00e9 argent<\/p>\n<p><strong>Pendentif vendu sans la cha\u00eene<\/strong><\/p>\n","protected":false},"featured_media":3214,"template":"","meta":[],"product_brand":[],"product_cat":[211,115],"product_tag":[120,131,202],"class_list":{"0":"post-3252","1":"product","2":"type-product","3":"status-publish","4":"has-post-thumbnail","6":"product_cat-pendentif-argent","7":"product_cat-pendentif","8":"product_tag-bijoux","9":"product_tag-plaque_argent","10":"product_tag-support-argente","12":"first","13":"instock","14":"purchasable","15":"product-type-simple"},"jetpack_sharing_enabled":true,"_links":{"self":[{"href":"https:\/\/valeska-bijoux.com\/index.php\/wp-json\/wp\/v2\/product\/3252","targetHints":{"allow":["GET"]}}],"collection":[{"href":"https:\/\/valeska-bijoux.com\/index.php\/wp-json\/wp\/v2\/product"}],"about":[{"href":"https:\/\/valeska-bijoux.com\/index.php\/wp-json\/wp\/v2\/types\/product"}],"wp:featuredmedia":[{"embeddable":true,"href":"https:\/\/valeska-bijoux.com\/index.php\/wp-json\/wp\/v2\/media\/3214"}],"wp:attachment":[{"href":"https:\/\/valeska-bijoux.com\/index.php\/wp-json\/wp\/v2\/media?parent=3252"}],"wp:term":[{"taxonomy":"product_brand","embeddable":true,"href":"https:\/\/valeska-bijoux.com\/index.php\/wp-json\/wp\/v2\/product_brand?post=3252"},{"taxonomy":"product_cat","embeddable":true,"href":"https:\/\/valeska-bijoux.com\/index.php\/wp-json\/wp\/v2\/product_cat?post=3252"},{"taxonomy":"product_tag","embeddable":true,"href":"https:\/\/valeska-bijoux.com\/index.php\/wp-json\/wp\/v2\/product_tag?post=3252"}],"curies":[{"name":"wp","href":"https:\/\/api.w.org\/{rel}","templated":true}]}}