{"id":3260,"date":"2022-09-19T09:21:55","date_gmt":"2022-09-19T07:21:55","guid":{"rendered":"https:\/\/valeska-bijoux.com\/?post_type=product&#038;p=3260"},"modified":"2024-12-06T11:48:59","modified_gmt":"2024-12-06T10:48:59","slug":"boucles-doreilles-pendantes-vert-bleu","status":"publish","type":"product","link":"https:\/\/valeska-bijoux.com\/index.php\/product\/boucles-doreilles-pendantes-vert-bleu\/","title":{"rendered":"Boucles d&rsquo;oreilles pendantes vert-bleu"},"content":{"rendered":"<p><img loading=\"lazy\" decoding=\"async\" class=\"alignnone size-medium wp-image-3209\" src=\"https:\/\/valeska-bijoux.com\/wp-content\/uploads\/2022\/09\/boucles-oreilles-pendantes-vert-bleu-212x300.jpg\" alt=\"\" width=\"212\" height=\"300\" srcset=\"https:\/\/valeska-bijoux.com\/wp-content\/uploads\/2022\/09\/boucles-oreilles-pendantes-vert-bleu-212x300.jpg 212w, https:\/\/valeska-bijoux.com\/wp-content\/uploads\/2022\/09\/boucles-oreilles-pendantes-vert-bleu-420x594.jpg 420w, https:\/\/valeska-bijoux.com\/wp-content\/uploads\/2022\/09\/boucles-oreilles-pendantes-vert-bleu.jpg 595w\" sizes=\"auto, (max-width: 212px) 100vw, 212px\" \/><\/p>\n","protected":false},"excerpt":{"rendered":"<p>Boucles d&rsquo;oreilles r\u00e9alis\u00e9es en verre dichro\u00efque vert-bleu<\/p>\n<p>taille des cabochons : 1,4 x 1,4 cm<\/p>\n<p>mati\u00e8re : verre, acier<\/p>\n","protected":false},"featured_media":3209,"template":"","meta":[],"product_brand":[],"product_cat":[213,116,210],"product_tag":[129,120,202],"class_list":{"0":"post-3260","1":"product","2":"type-product","3":"status-publish","4":"has-post-thumbnail","6":"product_cat-acier","7":"product_cat-boucles_oreilles","8":"product_cat-b-o-argente","9":"product_tag-acier","10":"product_tag-bijoux","11":"product_tag-support-argente","13":"first","14":"instock","15":"purchasable","16":"product-type-simple"},"jetpack_sharing_enabled":true,"_links":{"self":[{"href":"https:\/\/valeska-bijoux.com\/index.php\/wp-json\/wp\/v2\/product\/3260","targetHints":{"allow":["GET"]}}],"collection":[{"href":"https:\/\/valeska-bijoux.com\/index.php\/wp-json\/wp\/v2\/product"}],"about":[{"href":"https:\/\/valeska-bijoux.com\/index.php\/wp-json\/wp\/v2\/types\/product"}],"wp:featuredmedia":[{"embeddable":true,"href":"https:\/\/valeska-bijoux.com\/index.php\/wp-json\/wp\/v2\/media\/3209"}],"wp:attachment":[{"href":"https:\/\/valeska-bijoux.com\/index.php\/wp-json\/wp\/v2\/media?parent=3260"}],"wp:term":[{"taxonomy":"product_brand","embeddable":true,"href":"https:\/\/valeska-bijoux.com\/index.php\/wp-json\/wp\/v2\/product_brand?post=3260"},{"taxonomy":"product_cat","embeddable":true,"href":"https:\/\/valeska-bijoux.com\/index.php\/wp-json\/wp\/v2\/product_cat?post=3260"},{"taxonomy":"product_tag","embeddable":true,"href":"https:\/\/valeska-bijoux.com\/index.php\/wp-json\/wp\/v2\/product_tag?post=3260"}],"curies":[{"name":"wp","href":"https:\/\/api.w.org\/{rel}","templated":true}]}}