{"id":3277,"date":"2022-09-19T10:25:36","date_gmt":"2022-09-19T08:25:36","guid":{"rendered":"https:\/\/valeska-bijoux.com\/?post_type=product&#038;p=3277"},"modified":"2024-12-06T11:48:07","modified_gmt":"2024-12-06T10:48:07","slug":"bague-bleu-pastel-craquele-ouverte","status":"publish","type":"product","link":"https:\/\/valeska-bijoux.com\/index.php\/product\/bague-bleu-pastel-craquele-ouverte\/","title":{"rendered":"Bague bleu pastel craquel\u00e9 ouverte"},"content":{"rendered":"<p><img loading=\"lazy\" decoding=\"async\" class=\"alignnone size-medium wp-image-3268\" src=\"https:\/\/valeska-bijoux.com\/wp-content\/uploads\/2022\/09\/bague-bleu-craquele-212x300.jpg\" alt=\"\" width=\"212\" height=\"300\" srcset=\"https:\/\/valeska-bijoux.com\/wp-content\/uploads\/2022\/09\/bague-bleu-craquele-212x300.jpg 212w, https:\/\/valeska-bijoux.com\/wp-content\/uploads\/2022\/09\/bague-bleu-craquele-420x594.jpg 420w, https:\/\/valeska-bijoux.com\/wp-content\/uploads\/2022\/09\/bague-bleu-craquele.jpg 595w\" sizes=\"auto, (max-width: 212px) 100vw, 212px\" \/><\/p>\n","protected":false},"excerpt":{"rendered":"<p>Bague r\u00e9alis\u00e9e en verre dichro\u00efque bleu pastel craquel\u00e9<\/p>\n<p>Bague r\u00e9glable<\/p>\n<p>taille du cabochon : 0,9 x 0,9 cm<\/p>\n<p>mati\u00e8re : verre et support m\u00e9tal plaqu\u00e9 argent<\/p>\n","protected":false},"featured_media":3268,"template":"","meta":[],"product_brand":[],"product_cat":[117,207],"product_tag":[120,131,202],"class_list":{"0":"post-3277","1":"product","2":"type-product","3":"status-publish","4":"has-post-thumbnail","6":"product_cat-bague","7":"product_cat-bague-argente","8":"product_tag-bijoux","9":"product_tag-plaque_argent","10":"product_tag-support-argente","12":"first","13":"instock","14":"purchasable","15":"product-type-simple"},"jetpack_sharing_enabled":true,"_links":{"self":[{"href":"https:\/\/valeska-bijoux.com\/index.php\/wp-json\/wp\/v2\/product\/3277","targetHints":{"allow":["GET"]}}],"collection":[{"href":"https:\/\/valeska-bijoux.com\/index.php\/wp-json\/wp\/v2\/product"}],"about":[{"href":"https:\/\/valeska-bijoux.com\/index.php\/wp-json\/wp\/v2\/types\/product"}],"wp:featuredmedia":[{"embeddable":true,"href":"https:\/\/valeska-bijoux.com\/index.php\/wp-json\/wp\/v2\/media\/3268"}],"wp:attachment":[{"href":"https:\/\/valeska-bijoux.com\/index.php\/wp-json\/wp\/v2\/media?parent=3277"}],"wp:term":[{"taxonomy":"product_brand","embeddable":true,"href":"https:\/\/valeska-bijoux.com\/index.php\/wp-json\/wp\/v2\/product_brand?post=3277"},{"taxonomy":"product_cat","embeddable":true,"href":"https:\/\/valeska-bijoux.com\/index.php\/wp-json\/wp\/v2\/product_cat?post=3277"},{"taxonomy":"product_tag","embeddable":true,"href":"https:\/\/valeska-bijoux.com\/index.php\/wp-json\/wp\/v2\/product_tag?post=3277"}],"curies":[{"name":"wp","href":"https:\/\/api.w.org\/{rel}","templated":true}]}}