{"id":3279,"date":"2022-09-20T13:15:37","date_gmt":"2022-09-20T11:15:37","guid":{"rendered":"https:\/\/valeska-bijoux.com\/?post_type=product&#038;p=3279"},"modified":"2024-12-07T16:23:04","modified_gmt":"2024-12-07T15:23:04","slug":"bague-carree-vert-pastel-jaune-et-orange","status":"publish","type":"product","link":"https:\/\/valeska-bijoux.com\/index.php\/product\/bague-carree-vert-pastel-jaune-et-orange\/","title":{"rendered":"Bague carr\u00e9e vert pastel, jaune et orange"},"content":{"rendered":"<p><img loading=\"lazy\" decoding=\"async\" class=\"alignnone size-medium wp-image-3275\" src=\"https:\/\/valeska-bijoux.com\/wp-content\/uploads\/2022\/09\/bague-vert-rayee-212x300.jpg\" alt=\"\" width=\"212\" height=\"300\" srcset=\"https:\/\/valeska-bijoux.com\/wp-content\/uploads\/2022\/09\/bague-vert-rayee-212x300.jpg 212w, https:\/\/valeska-bijoux.com\/wp-content\/uploads\/2022\/09\/bague-vert-rayee-420x594.jpg 420w, https:\/\/valeska-bijoux.com\/wp-content\/uploads\/2022\/09\/bague-vert-rayee.jpg 595w\" sizes=\"auto, (max-width: 212px) 100vw, 212px\" \/><\/p>\n","protected":false},"excerpt":{"rendered":"<p>Bague r\u00e9alis\u00e9e en verre vert pastel, jaune et orange<\/p>\n<p>Bague r\u00e9glable<\/p>\n<p>taille du cabochon : 1,8 x 1,8 cm<\/p>\n<p>mati\u00e8re : verre et support m\u00e9tal argent\u00e9<\/p>\n","protected":false},"featured_media":3275,"template":"","meta":[],"product_brand":[],"product_cat":[117,207],"product_tag":[120,202],"class_list":{"0":"post-3279","1":"product","2":"type-product","3":"status-publish","4":"has-post-thumbnail","6":"product_cat-bague","7":"product_cat-bague-argente","8":"product_tag-bijoux","9":"product_tag-support-argente","11":"first","12":"instock","13":"purchasable","14":"product-type-simple"},"jetpack_sharing_enabled":true,"_links":{"self":[{"href":"https:\/\/valeska-bijoux.com\/index.php\/wp-json\/wp\/v2\/product\/3279","targetHints":{"allow":["GET"]}}],"collection":[{"href":"https:\/\/valeska-bijoux.com\/index.php\/wp-json\/wp\/v2\/product"}],"about":[{"href":"https:\/\/valeska-bijoux.com\/index.php\/wp-json\/wp\/v2\/types\/product"}],"wp:featuredmedia":[{"embeddable":true,"href":"https:\/\/valeska-bijoux.com\/index.php\/wp-json\/wp\/v2\/media\/3275"}],"wp:attachment":[{"href":"https:\/\/valeska-bijoux.com\/index.php\/wp-json\/wp\/v2\/media?parent=3279"}],"wp:term":[{"taxonomy":"product_brand","embeddable":true,"href":"https:\/\/valeska-bijoux.com\/index.php\/wp-json\/wp\/v2\/product_brand?post=3279"},{"taxonomy":"product_cat","embeddable":true,"href":"https:\/\/valeska-bijoux.com\/index.php\/wp-json\/wp\/v2\/product_cat?post=3279"},{"taxonomy":"product_tag","embeddable":true,"href":"https:\/\/valeska-bijoux.com\/index.php\/wp-json\/wp\/v2\/product_tag?post=3279"}],"curies":[{"name":"wp","href":"https:\/\/api.w.org\/{rel}","templated":true}]}}