{"id":3284,"date":"2022-09-21T09:23:06","date_gmt":"2022-09-21T07:23:06","guid":{"rendered":"https:\/\/valeska-bijoux.com\/?post_type=product&#038;p=3284"},"modified":"2024-12-07T16:18:35","modified_gmt":"2024-12-07T15:18:35","slug":"bague-bleu-et-vert","status":"publish","type":"product","link":"https:\/\/valeska-bijoux.com\/index.php\/product\/bague-bleu-et-vert\/","title":{"rendered":"Bague bleu et vert"},"content":{"rendered":"<p><img loading=\"lazy\" decoding=\"async\" class=\"alignnone size-medium wp-image-3272\" src=\"https:\/\/valeska-bijoux.com\/wp-content\/uploads\/2022\/09\/bague-carree-multi-bleu-vert-212x300.jpg\" alt=\"\" width=\"212\" height=\"300\" srcset=\"https:\/\/valeska-bijoux.com\/wp-content\/uploads\/2022\/09\/bague-carree-multi-bleu-vert-212x300.jpg 212w, https:\/\/valeska-bijoux.com\/wp-content\/uploads\/2022\/09\/bague-carree-multi-bleu-vert-420x594.jpg 420w, https:\/\/valeska-bijoux.com\/wp-content\/uploads\/2022\/09\/bague-carree-multi-bleu-vert.jpg 595w\" sizes=\"auto, (max-width: 212px) 100vw, 212px\" \/><\/p>\n","protected":false},"excerpt":{"rendered":"<p>Bague r\u00e9alis\u00e9e en verre dichro\u00efque bleu et vert<\/p>\n<p>Bague r\u00e9glable<\/p>\n<p>taille du cabochon : 1,8 x 1,8 cm<\/p>\n<p>mati\u00e8re : verre et m\u00e9tal dor\u00e9 \u00e0 l&rsquo;or fin<\/p>\n","protected":false},"featured_media":3272,"template":"","meta":[],"product_brand":[],"product_cat":[117,206],"product_tag":[120,130,203],"class_list":{"0":"post-3284","1":"product","2":"type-product","3":"status-publish","4":"has-post-thumbnail","6":"product_cat-bague","7":"product_cat-bague-dore","8":"product_tag-bijoux","9":"product_tag-dore-or","10":"product_tag-support-dore","12":"first","13":"instock","14":"purchasable","15":"product-type-simple"},"jetpack_sharing_enabled":true,"_links":{"self":[{"href":"https:\/\/valeska-bijoux.com\/index.php\/wp-json\/wp\/v2\/product\/3284","targetHints":{"allow":["GET"]}}],"collection":[{"href":"https:\/\/valeska-bijoux.com\/index.php\/wp-json\/wp\/v2\/product"}],"about":[{"href":"https:\/\/valeska-bijoux.com\/index.php\/wp-json\/wp\/v2\/types\/product"}],"wp:featuredmedia":[{"embeddable":true,"href":"https:\/\/valeska-bijoux.com\/index.php\/wp-json\/wp\/v2\/media\/3272"}],"wp:attachment":[{"href":"https:\/\/valeska-bijoux.com\/index.php\/wp-json\/wp\/v2\/media?parent=3284"}],"wp:term":[{"taxonomy":"product_brand","embeddable":true,"href":"https:\/\/valeska-bijoux.com\/index.php\/wp-json\/wp\/v2\/product_brand?post=3284"},{"taxonomy":"product_cat","embeddable":true,"href":"https:\/\/valeska-bijoux.com\/index.php\/wp-json\/wp\/v2\/product_cat?post=3284"},{"taxonomy":"product_tag","embeddable":true,"href":"https:\/\/valeska-bijoux.com\/index.php\/wp-json\/wp\/v2\/product_tag?post=3284"}],"curies":[{"name":"wp","href":"https:\/\/api.w.org\/{rel}","templated":true}]}}